{"id":4698,"date":"2020-06-08T12:34:19","date_gmt":"2020-06-08T10:34:19","guid":{"rendered":"https:\/\/preview.heinzehrbarpartners.com\/terminos\/"},"modified":"2020-06-08T12:34:20","modified_gmt":"2020-06-08T10:34:20","slug":"terminos","status":"publish","type":"page","link":"https:\/\/www.heinzehrbarpartners.com\/es\/terminos\/","title":{"rendered":"T\u00e9rminos"},"content":{"rendered":"<p>[et_pb_section bb_built=&#8221;1&#8243;][et_pb_row][et_pb_column type=&#8221;4_4&#8243;][et_pb_text _builder_version=&#8221;3.17.6&#8243;]<\/p>\n<h1 class=\"text-inline\">T\u00e9rminos y condiciones generales<\/h1>\n<p><b>En los t\u00e9rminos y condiciones generales, el vendedor en l\u00ednea resume todos los aspectos legales del negocio. Una vez que el cliente ha aceptado este documento, es una parte integral del acuerdo de compra.<\/b><\/p>\n<p>En Suiza, la base jur\u00eddica para la venta de bienes o servicios puede modificarse a trav\u00e9s del contrato y las condiciones del contrato. Como regla general, un comerciante resume todos sus t\u00e9rminos de venta en un documento denominados &#8220;T\u00c9RMINOS y condiciones&#8221;. Esta es una forma de protecci\u00f3n legal. Puede encontrar informaci\u00f3n m\u00e1s detallada sobre las obligaciones legales del operador en el cap\u00edtulo correspondiente:<\/p>\n<p><a title=\"Las leyes de Suiza y la UE\" href=\"https:\/\/www.kmu.admin.ch\/kmu\/de\/home\/praktisches-wissen\/kmu-betreiben\/e-commerce\/erstellung-e-commerce-site\/die-gesetze-der-schweiz-und-der-eu.html\">Las leyes de Suiza y la UE<\/a><\/p>\n<p>Para que las CGC sean v\u00e1lidas, deben ser aceptadas por ambas partes. Deben ponerse a disposici\u00f3n del cliente antes del proceso de pedido. Por ejemplo, la tienda web puede contener una casilla de verificaci\u00f3n para el texto &#8220;He le\u00eddo y aceptado los t\u00e9rminos y condiciones&#8221; en el que se debe establecer una marca de verificaci\u00f3n durante el proceso de pedido. Por regla general, cuanto m\u00e1s expl\u00edcita sea la declaraci\u00f3n de intenciones del cliente, mayor ser\u00e1 la probabilidad de que un tribunal apruebe la aceptaci\u00f3n de las CGC en caso de disputa. Dado que los T\u00e9rminos y Condiciones se pueden actualizar regularmente, se debe conservar una copia completa de cada contrato.<\/p>\n<h2>Contenido del GtC<\/h2>\n<p>Con el fin de evitar una interpretaci\u00f3n de las CGC a expensas del operador, se recomienda encarecidamente preparar este documento con el apoyo de un abogado especialista.<\/p>\n<p>Al escribir los t\u00e9rminos y condiciones, se deben tener en cuenta todos los pasos del proceso de venta. Estos son algunos puntos a tener en cuenta:<\/p>\n<ul>\n<li><b>Asegurar.<\/b> Disposiciones de garant\u00eda para los bienes o servicios vendidos durante la transacci\u00f3n.<\/li>\n<li><b>Privacidad.<\/b> Uso de datos recopilados, tecnolog\u00eda de cifrado, etc.<\/li>\n<li><b>\u00d3rdenes. <\/b>Condiciones de facturaci\u00f3n y pago, IVA, etc.<\/li>\n<li><b>Entrega.<\/b> \u00e1reas de env\u00edo, plazos de entrega, etc.<\/li>\n<li><b>Responsabilidad. <\/b>Por ejemplo, en caso de da\u00f1os a las mercanc\u00edas durante el env\u00edo.<\/li>\n<li><b>Devuelve.<\/b> Acuerdos de intercambio y redenci\u00f3n.<\/li>\n<li><b>Ley aplicable y lugar de jurisdicci\u00f3n. <\/b>En caso de litigio, el tribunal competente y la legislaci\u00f3n aplicable (referencia a la legislaci\u00f3n suiza).<\/li>\n<\/ul>\n<p>Las declaraciones abusivas o inapropiadas en el GtC, por ejemplo, &#8220;El comprador asume el riesgo de env\u00edo&#8221;, son ilegales. Las cl\u00e1usulas que aumentan el riesgo para el consumidor deben destacarse claramente.<\/p>\n<p>[\/et_pb_text][\/et_pb_column][\/et_pb_row][\/et_pb_section]<\/p>\n","protected":false},"excerpt":{"rendered":"<p><div class=\"et_pb_row et_pb_row_0 et_pb_row_empty\">\n\t\t\t\t\n\t\t\t\t\n\t\t\t\t\n\t\t\t\t\n\t\t\t\t\n\t\t\t<\/div> T\u00e9rminos y condiciones generalesEn los t\u00e9rminos y condiciones generales, el vendedor en l\u00ednea resume todos los aspectos legales del negocio. Una vez que el cliente ha aceptado este documento, es una parte integral del acuerdo de compra.En Suiza, la base jur\u00eddica para la venta de bienes o servicios puede modificarse a trav\u00e9s del contrato [&hellip;]<\/p>\n","protected":false},"author":2,"featured_media":0,"parent":0,"menu_order":990,"comment_status":"closed","ping_status":"closed","template":"","meta":{"_et_pb_use_builder":"on","_et_pb_old_content":"","_et_gb_content_width":""},"yoast_head":"<!-- This site is optimized with the Yoast SEO plugin v20.6 - https:\/\/yoast.com\/wordpress\/plugins\/seo\/ -->\n<title>T\u00e9rminos - HEINZ EHRBAR PARTNERS GmbH<\/title>\n<meta name=\"robots\" content=\"index, follow, max-snippet:-1, max-image-preview:large, max-video-preview:-1\" \/>\n<link rel=\"canonical\" href=\"https:\/\/www.heinzehrbarpartners.com\/es\/terminos\/\" \/>\n<meta property=\"og:locale\" content=\"es_ES\" \/>\n<meta property=\"og:type\" content=\"article\" \/>\n<meta property=\"og:title\" content=\"T\u00e9rminos - HEINZ EHRBAR PARTNERS GmbH\" \/>\n<meta property=\"og:description\" content=\"T\u00e9rminos y condiciones generalesEn los t\u00e9rminos y condiciones generales, el vendedor en l\u00ednea resume todos los aspectos legales del negocio. Una vez que el cliente ha aceptado este documento, es una parte integral del acuerdo de compra.En Suiza, la base jur\u00eddica para la venta de bienes o servicios puede modificarse a trav\u00e9s del contrato [&hellip;]\" \/>\n<meta property=\"og:url\" content=\"https:\/\/www.heinzehrbarpartners.com\/es\/terminos\/\" \/>\n<meta property=\"og:site_name\" content=\"HEINZ EHRBAR PARTNERS GmbH\" \/>\n<meta property=\"article:modified_time\" content=\"2020-06-08T10:34:20+00:00\" \/>\n<meta name=\"twitter:card\" content=\"summary_large_image\" \/>\n<meta name=\"twitter:label1\" content=\"Est. reading time\" \/>\n\t<meta name=\"twitter:data1\" content=\"2 minutes\" \/>\n<script type=\"application\/ld+json\" class=\"yoast-schema-graph\">{\"@context\":\"https:\/\/schema.org\",\"@graph\":[{\"@type\":\"WebPage\",\"@id\":\"https:\/\/www.heinzehrbarpartners.com\/es\/terminos\/\",\"url\":\"https:\/\/www.heinzehrbarpartners.com\/es\/terminos\/\",\"name\":\"T\u00e9rminos - HEINZ EHRBAR PARTNERS GmbH\",\"isPartOf\":{\"@id\":\"https:\/\/www.heinzehrbarpartners.com\/es\/#website\"},\"datePublished\":\"2020-06-08T10:34:19+00:00\",\"dateModified\":\"2020-06-08T10:34:20+00:00\",\"breadcrumb\":{\"@id\":\"https:\/\/www.heinzehrbarpartners.com\/es\/terminos\/#breadcrumb\"},\"inLanguage\":\"es-ES\",\"potentialAction\":[{\"@type\":\"ReadAction\",\"target\":[\"https:\/\/www.heinzehrbarpartners.com\/es\/terminos\/\"]}]},{\"@type\":\"BreadcrumbList\",\"@id\":\"https:\/\/www.heinzehrbarpartners.com\/es\/terminos\/#breadcrumb\",\"itemListElement\":[{\"@type\":\"ListItem\",\"position\":1,\"name\":\"Home\",\"item\":\"https:\/\/www.heinzehrbarpartners.com\/es\/\"},{\"@type\":\"ListItem\",\"position\":2,\"name\":\"T\u00e9rminos\"}]},{\"@type\":\"WebSite\",\"@id\":\"https:\/\/www.heinzehrbarpartners.com\/es\/#website\",\"url\":\"https:\/\/www.heinzehrbarpartners.com\/es\/\",\"name\":\"HEINZ EHRBAR PARTNERS GmbH\",\"description\":\"Tunnelbau und Wasserkraft\",\"potentialAction\":[{\"@type\":\"SearchAction\",\"target\":{\"@type\":\"EntryPoint\",\"urlTemplate\":\"https:\/\/www.heinzehrbarpartners.com\/es\/?s={search_term_string}\"},\"query-input\":\"required name=search_term_string\"}],\"inLanguage\":\"es-ES\"}]}<\/script>\n<!-- \/ Yoast SEO plugin. -->","yoast_head_json":{"title":"T\u00e9rminos - HEINZ EHRBAR PARTNERS GmbH","robots":{"index":"index","follow":"follow","max-snippet":"max-snippet:-1","max-image-preview":"max-image-preview:large","max-video-preview":"max-video-preview:-1"},"canonical":"https:\/\/www.heinzehrbarpartners.com\/es\/terminos\/","og_locale":"es_ES","og_type":"article","og_title":"T\u00e9rminos - HEINZ EHRBAR PARTNERS GmbH","og_description":"T\u00e9rminos y condiciones generalesEn los t\u00e9rminos y condiciones generales, el vendedor en l\u00ednea resume todos los aspectos legales del negocio. Una vez que el cliente ha aceptado este documento, es una parte integral del acuerdo de compra.En Suiza, la base jur\u00eddica para la venta de bienes o servicios puede modificarse a trav\u00e9s del contrato [&hellip;]","og_url":"https:\/\/www.heinzehrbarpartners.com\/es\/terminos\/","og_site_name":"HEINZ EHRBAR PARTNERS GmbH","article_modified_time":"2020-06-08T10:34:20+00:00","twitter_card":"summary_large_image","twitter_misc":{"Est. reading time":"2 minutes"},"schema":{"@context":"https:\/\/schema.org","@graph":[{"@type":"WebPage","@id":"https:\/\/www.heinzehrbarpartners.com\/es\/terminos\/","url":"https:\/\/www.heinzehrbarpartners.com\/es\/terminos\/","name":"T\u00e9rminos - HEINZ EHRBAR PARTNERS GmbH","isPartOf":{"@id":"https:\/\/www.heinzehrbarpartners.com\/es\/#website"},"datePublished":"2020-06-08T10:34:19+00:00","dateModified":"2020-06-08T10:34:20+00:00","breadcrumb":{"@id":"https:\/\/www.heinzehrbarpartners.com\/es\/terminos\/#breadcrumb"},"inLanguage":"es-ES","potentialAction":[{"@type":"ReadAction","target":["https:\/\/www.heinzehrbarpartners.com\/es\/terminos\/"]}]},{"@type":"BreadcrumbList","@id":"https:\/\/www.heinzehrbarpartners.com\/es\/terminos\/#breadcrumb","itemListElement":[{"@type":"ListItem","position":1,"name":"Home","item":"https:\/\/www.heinzehrbarpartners.com\/es\/"},{"@type":"ListItem","position":2,"name":"T\u00e9rminos"}]},{"@type":"WebSite","@id":"https:\/\/www.heinzehrbarpartners.com\/es\/#website","url":"https:\/\/www.heinzehrbarpartners.com\/es\/","name":"HEINZ EHRBAR PARTNERS GmbH","description":"Tunnelbau und Wasserkraft","potentialAction":[{"@type":"SearchAction","target":{"@type":"EntryPoint","urlTemplate":"https:\/\/www.heinzehrbarpartners.com\/es\/?s={search_term_string}"},"query-input":"required name=search_term_string"}],"inLanguage":"es-ES"}]}},"_links":{"self":[{"href":"https:\/\/www.heinzehrbarpartners.com\/es\/wp-json\/wp\/v2\/pages\/4698"}],"collection":[{"href":"https:\/\/www.heinzehrbarpartners.com\/es\/wp-json\/wp\/v2\/pages"}],"about":[{"href":"https:\/\/www.heinzehrbarpartners.com\/es\/wp-json\/wp\/v2\/types\/page"}],"author":[{"embeddable":true,"href":"https:\/\/www.heinzehrbarpartners.com\/es\/wp-json\/wp\/v2\/users\/2"}],"replies":[{"embeddable":true,"href":"https:\/\/www.heinzehrbarpartners.com\/es\/wp-json\/wp\/v2\/comments?post=4698"}],"version-history":[{"count":1,"href":"https:\/\/www.heinzehrbarpartners.com\/es\/wp-json\/wp\/v2\/pages\/4698\/revisions"}],"predecessor-version":[{"id":4700,"href":"https:\/\/www.heinzehrbarpartners.com\/es\/wp-json\/wp\/v2\/pages\/4698\/revisions\/4700"}],"wp:attachment":[{"href":"https:\/\/www.heinzehrbarpartners.com\/es\/wp-json\/wp\/v2\/media?parent=4698"}],"curies":[{"name":"wp","href":"https:\/\/api.w.org\/{rel}","templated":true}]}}