{"id":4695,"date":"2020-06-08T12:33:38","date_gmt":"2020-06-08T10:33:38","guid":{"rendered":"https:\/\/preview.heinzehrbarpartners.com\/impresion\/"},"modified":"2020-06-08T12:33:39","modified_gmt":"2020-06-08T10:33:39","slug":"impresion","status":"publish","type":"page","link":"https:\/\/www.heinzehrbarpartners.com\/es\/impresion\/","title":{"rendered":"Impresi\u00f3n"},"content":{"rendered":"<p>[et_pb_section fb_built=&#8221;1&#8243; _builder_version=&#8221;3.0.47&#8243;][et_pb_row _builder_version=&#8221;3.0.48&#8243; background_size=&#8221;initial&#8221; background_position=&#8221;top_left&#8221; background_repeat=&#8221;repeat&#8221; custom_padding=&#8221;27px|0px|26px|0px|false|false&#8221;][et_pb_column type=&#8221;4_4&#8243; _builder_version=&#8221;3.0.47&#8243; parallax=&#8221;off&#8221; parallax_method=&#8221;on&#8221;][et_pb_text _builder_version=&#8221;3.17.6&#8243;]<\/p>\n<h1 class=\"text-inline\">Informaci\u00f3n sobre el operador<\/h1>\n<p><b>En cada p\u00e1gina, el cliente debe tener acceso a informaci\u00f3n detallada sobre el operador.<\/b><\/p>\n<p>El cliente de una tienda web quiere saber con qui\u00e9n est\u00e1 tratando. Con el fin de generar confianza y dar credibilidad, la siguiente informaci\u00f3n debe ser claramente visible en el sitio web:<\/p>\n<ul>\n<li>la direcci\u00f3n completa de la empresa con los datos de contacto de una persona de contacto.<\/li>\n<li>direcci\u00f3n de correo electr\u00f3nico para preguntas e informaci\u00f3n.<\/li>\n<li>un n\u00famero de tel\u00e9fono.<\/li>\n<li>n\u00famero de identificaci\u00f3n de la empresa (UID).<\/li>\n<\/ul>\n<p>Esta informaci\u00f3n se puede publicar como una imprenta. Tambi\u00e9n se recomienda que se disponga de los siguientes documentos:<\/p>\n<ul>\n<li>una declaraci\u00f3n de exenci\u00f3n de responsabilidad.<\/li>\n<li>t\u00e9rminos y condiciones generales (GTC).<\/li>\n<li>pol\u00edtica de privacidad.<\/li>\n<\/ul>\n<p>[\/et_pb_text][et_pb_text _builder_version=&#8221;3.17.6&#8243;]<\/p>\n<p>[sitemap]<\/p>\n<p>[\/et_pb_text][et_pb_code _builder_version=&#8221;3.17.6&#8243;][sitemap][\/et_pb_code][\/et_pb_column][\/et_pb_row][\/et_pb_section]<\/p>\n","protected":false},"excerpt":{"rendered":"<p>Informaci\u00f3n sobre el operadorEn cada p\u00e1gina, el cliente debe tener acceso a informaci\u00f3n detallada sobre el operador.El cliente de una tienda web quiere saber con qui\u00e9n est\u00e1 tratando. Con el fin de generar confianza y dar credibilidad, la siguiente informaci\u00f3n debe ser claramente visible en el sitio web:la direcci\u00f3n completa de la empresa con los [&hellip;]<\/p>\n","protected":false},"author":2,"featured_media":0,"parent":0,"menu_order":996,"comment_status":"closed","ping_status":"closed","template":"","meta":{"_et_pb_use_builder":"on","_et_pb_old_content":"","_et_gb_content_width":""},"yoast_head":"<!-- This site is optimized with the Yoast SEO plugin v20.6 - https:\/\/yoast.com\/wordpress\/plugins\/seo\/ -->\n<title>Impresi\u00f3n - HEINZ EHRBAR PARTNERS GmbH<\/title>\n<meta name=\"robots\" content=\"index, follow, max-snippet:-1, max-image-preview:large, max-video-preview:-1\" \/>\n<link rel=\"canonical\" href=\"https:\/\/www.heinzehrbarpartners.com\/es\/impresion\/\" \/>\n<meta property=\"og:locale\" content=\"es_ES\" \/>\n<meta property=\"og:type\" content=\"article\" \/>\n<meta property=\"og:title\" content=\"Impresi\u00f3n - HEINZ EHRBAR PARTNERS GmbH\" \/>\n<meta property=\"og:description\" content=\"Informaci\u00f3n sobre el operadorEn cada p\u00e1gina, el cliente debe tener acceso a informaci\u00f3n detallada sobre el operador.El cliente de una tienda web quiere saber con qui\u00e9n est\u00e1 tratando. Con el fin de generar confianza y dar credibilidad, la siguiente informaci\u00f3n debe ser claramente visible en el sitio web:la direcci\u00f3n completa de la empresa con los [&hellip;]\" \/>\n<meta property=\"og:url\" content=\"https:\/\/www.heinzehrbarpartners.com\/es\/impresion\/\" \/>\n<meta property=\"og:site_name\" content=\"HEINZ EHRBAR PARTNERS GmbH\" \/>\n<meta property=\"article:modified_time\" content=\"2020-06-08T10:33:39+00:00\" \/>\n<meta name=\"twitter:card\" content=\"summary_large_image\" \/>\n<meta name=\"twitter:label1\" content=\"Est. reading time\" \/>\n\t<meta name=\"twitter:data1\" content=\"1 minute\" \/>\n<script type=\"application\/ld+json\" class=\"yoast-schema-graph\">{\"@context\":\"https:\/\/schema.org\",\"@graph\":[{\"@type\":\"WebPage\",\"@id\":\"https:\/\/www.heinzehrbarpartners.com\/es\/impresion\/\",\"url\":\"https:\/\/www.heinzehrbarpartners.com\/es\/impresion\/\",\"name\":\"Impresi\u00f3n - HEINZ EHRBAR PARTNERS GmbH\",\"isPartOf\":{\"@id\":\"https:\/\/www.heinzehrbarpartners.com\/es\/#website\"},\"datePublished\":\"2020-06-08T10:33:38+00:00\",\"dateModified\":\"2020-06-08T10:33:39+00:00\",\"breadcrumb\":{\"@id\":\"https:\/\/www.heinzehrbarpartners.com\/es\/impresion\/#breadcrumb\"},\"inLanguage\":\"es-ES\",\"potentialAction\":[{\"@type\":\"ReadAction\",\"target\":[\"https:\/\/www.heinzehrbarpartners.com\/es\/impresion\/\"]}]},{\"@type\":\"BreadcrumbList\",\"@id\":\"https:\/\/www.heinzehrbarpartners.com\/es\/impresion\/#breadcrumb\",\"itemListElement\":[{\"@type\":\"ListItem\",\"position\":1,\"name\":\"Home\",\"item\":\"https:\/\/www.heinzehrbarpartners.com\/es\/\"},{\"@type\":\"ListItem\",\"position\":2,\"name\":\"Impresi\u00f3n\"}]},{\"@type\":\"WebSite\",\"@id\":\"https:\/\/www.heinzehrbarpartners.com\/es\/#website\",\"url\":\"https:\/\/www.heinzehrbarpartners.com\/es\/\",\"name\":\"HEINZ EHRBAR PARTNERS GmbH\",\"description\":\"Tunnelbau und Wasserkraft\",\"potentialAction\":[{\"@type\":\"SearchAction\",\"target\":{\"@type\":\"EntryPoint\",\"urlTemplate\":\"https:\/\/www.heinzehrbarpartners.com\/es\/?s={search_term_string}\"},\"query-input\":\"required name=search_term_string\"}],\"inLanguage\":\"es-ES\"}]}<\/script>\n<!-- \/ Yoast SEO plugin. -->","yoast_head_json":{"title":"Impresi\u00f3n - HEINZ EHRBAR PARTNERS GmbH","robots":{"index":"index","follow":"follow","max-snippet":"max-snippet:-1","max-image-preview":"max-image-preview:large","max-video-preview":"max-video-preview:-1"},"canonical":"https:\/\/www.heinzehrbarpartners.com\/es\/impresion\/","og_locale":"es_ES","og_type":"article","og_title":"Impresi\u00f3n - HEINZ EHRBAR PARTNERS GmbH","og_description":"Informaci\u00f3n sobre el operadorEn cada p\u00e1gina, el cliente debe tener acceso a informaci\u00f3n detallada sobre el operador.El cliente de una tienda web quiere saber con qui\u00e9n est\u00e1 tratando. Con el fin de generar confianza y dar credibilidad, la siguiente informaci\u00f3n debe ser claramente visible en el sitio web:la direcci\u00f3n completa de la empresa con los [&hellip;]","og_url":"https:\/\/www.heinzehrbarpartners.com\/es\/impresion\/","og_site_name":"HEINZ EHRBAR PARTNERS GmbH","article_modified_time":"2020-06-08T10:33:39+00:00","twitter_card":"summary_large_image","twitter_misc":{"Est. reading time":"1 minute"},"schema":{"@context":"https:\/\/schema.org","@graph":[{"@type":"WebPage","@id":"https:\/\/www.heinzehrbarpartners.com\/es\/impresion\/","url":"https:\/\/www.heinzehrbarpartners.com\/es\/impresion\/","name":"Impresi\u00f3n - HEINZ EHRBAR PARTNERS GmbH","isPartOf":{"@id":"https:\/\/www.heinzehrbarpartners.com\/es\/#website"},"datePublished":"2020-06-08T10:33:38+00:00","dateModified":"2020-06-08T10:33:39+00:00","breadcrumb":{"@id":"https:\/\/www.heinzehrbarpartners.com\/es\/impresion\/#breadcrumb"},"inLanguage":"es-ES","potentialAction":[{"@type":"ReadAction","target":["https:\/\/www.heinzehrbarpartners.com\/es\/impresion\/"]}]},{"@type":"BreadcrumbList","@id":"https:\/\/www.heinzehrbarpartners.com\/es\/impresion\/#breadcrumb","itemListElement":[{"@type":"ListItem","position":1,"name":"Home","item":"https:\/\/www.heinzehrbarpartners.com\/es\/"},{"@type":"ListItem","position":2,"name":"Impresi\u00f3n"}]},{"@type":"WebSite","@id":"https:\/\/www.heinzehrbarpartners.com\/es\/#website","url":"https:\/\/www.heinzehrbarpartners.com\/es\/","name":"HEINZ EHRBAR PARTNERS GmbH","description":"Tunnelbau und Wasserkraft","potentialAction":[{"@type":"SearchAction","target":{"@type":"EntryPoint","urlTemplate":"https:\/\/www.heinzehrbarpartners.com\/es\/?s={search_term_string}"},"query-input":"required name=search_term_string"}],"inLanguage":"es-ES"}]}},"_links":{"self":[{"href":"https:\/\/www.heinzehrbarpartners.com\/es\/wp-json\/wp\/v2\/pages\/4695"}],"collection":[{"href":"https:\/\/www.heinzehrbarpartners.com\/es\/wp-json\/wp\/v2\/pages"}],"about":[{"href":"https:\/\/www.heinzehrbarpartners.com\/es\/wp-json\/wp\/v2\/types\/page"}],"author":[{"embeddable":true,"href":"https:\/\/www.heinzehrbarpartners.com\/es\/wp-json\/wp\/v2\/users\/2"}],"replies":[{"embeddable":true,"href":"https:\/\/www.heinzehrbarpartners.com\/es\/wp-json\/wp\/v2\/comments?post=4695"}],"version-history":[{"count":1,"href":"https:\/\/www.heinzehrbarpartners.com\/es\/wp-json\/wp\/v2\/pages\/4695\/revisions"}],"predecessor-version":[{"id":4697,"href":"https:\/\/www.heinzehrbarpartners.com\/es\/wp-json\/wp\/v2\/pages\/4695\/revisions\/4697"}],"wp:attachment":[{"href":"https:\/\/www.heinzehrbarpartners.com\/es\/wp-json\/wp\/v2\/media?parent=4695"}],"curies":[{"name":"wp","href":"https:\/\/api.w.org\/{rel}","templated":true}]}}