{"id":4652,"date":"2020-06-08T10:44:25","date_gmt":"2020-06-08T08:44:25","guid":{"rendered":"https:\/\/preview.heinzehrbarpartners.com\/servicios\/resenas-de-proyectos-y-opiniones-de-expertos\/"},"modified":"2020-06-12T01:17:20","modified_gmt":"2020-06-11T23:17:20","slug":"resenas-de-proyectos-y-opiniones-de-expertos","status":"publish","type":"page","link":"https:\/\/www.heinzehrbarpartners.com\/es\/servicios\/resenas-de-proyectos-y-opiniones-de-expertos\/","title":{"rendered":"Rese\u00f1as de proyectos y opiniones de expertos"},"content":{"rendered":"<p>[et_pb_section fb_built=&#8221;1&#8243; fullwidth=&#8221;on&#8221; module_class=&#8221;bg-overlay&#8221; _builder_version=&#8221;3.24&#8243; background_image=&#8221;https:\/\/www.heinzehrbarpartners.cyon.site\/wp-content\/uploads\/2019\/06\/Projekt-Reviews-Gutachten-61189-unsplash-e1560948475454.jpg&#8221; parallax=&#8221;on&#8221;][et_pb_fullwidth_header title=&#8221;Rese\u00f1as de proyectos y opiniones de expertos&#8221; text_orientation=&#8221;center&#8221; header_fullscreen=&#8221;on&#8221; header_scroll_down=&#8221;on&#8221; scroll_down_icon_color=&#8221;#8fcff2&#8243; module_class=&#8221;bg-overlay&#8221; _builder_version=&#8221;4.4.3&#8243; title_font=&#8221;Saira Semi Condensed|||on|||||&#8221; title_text_color=&#8221;#ffffff&#8221; title_font_size=&#8221;40px&#8221; content_font=&#8221;Saira Semi Condensed||||||||&#8221; content_font_size=&#8221;22px&#8221; content_letter_spacing=&#8221;0.22px&#8221; content_line_height=&#8221;1.32em&#8221; content_link_font=&#8221;Saira Semi Condensed||||||||&#8221; content_link_text_color=&#8221;#8fcff2&#8243; background_color=&#8221;rgba(0,0,0,0)&#8221; background_color_gradient_direction=&#8221;260deg&#8221; background_image=&#8221;https:\/\/www.heinzehrbarpartners.cyon.site\/wp-content\/uploads\/2020\/04\/IMG_0952.jpeg&#8221; parallax=&#8221;on&#8221; parallax_method=&#8221;on&#8221; custom_button_one=&#8221;on&#8221; button_one_text_color=&#8221;#57a4da&#8221; button_one_bg_color=&#8221;rgba(143,207,242,0.3)&#8221; button_one_border_width=&#8221;1px&#8221; button_one_border_color=&#8221;#ffffff&#8221; button_one_font=&#8221;||||||||&#8221;][\/et_pb_fullwidth_header][\/et_pb_section][et_pb_section fb_built=&#8221;1&#8243; _builder_version=&#8221;3.24&#8243; use_background_color_gradient=&#8221;on&#8221; background_color_gradient_start=&#8221;#022060&#8243; background_color_gradient_end=&#8221;#3e6faa&#8221; background_color_gradient_direction=&#8221;90deg&#8221; custom_css_main_element=&#8221;min-height:81vh;&#8221;][et_pb_row use_custom_gutter=&#8221;on&#8221; gutter_width=&#8221;2&#8243; make_equal=&#8221;on&#8221; admin_label=&#8221;Servicios&#8221; module_id=&#8221;intro&#8221; _builder_version=&#8221;3.25&#8243; border_color_all=&#8221;#8fcff2&#8243;][et_pb_column type=&#8221;4_4&#8243; _builder_version=&#8221;3.25&#8243; custom_padding=&#8221;|||&#8221; custom_padding__hover=&#8221;|||&#8221;][et_pb_blurb url=&#8221;http:\/\/Tunnel-%20und%20Untertagbau&#8221; content_max_width=&#8221;1024px&#8221; admin_label=&#8221;Service&#8221; _builder_version=&#8221;3.24&#8243; header_level=&#8221;h6&#8243; header_font=&#8221;Saira Semi Condensed|600||on|||||&#8221; header_text_align=&#8221;center&#8221; header_text_color=&#8221;#ffffff&#8221; header_font_size=&#8221;28px&#8221; header_line_height=&#8221;1.7em&#8221; body_font=&#8221;Open Sans||||||||&#8221; body_text_align=&#8221;left&#8221; body_text_color=&#8221;#ffffff&#8221; body_font_size=&#8221;16px&#8221; body_line_height=&#8221;1.8em&#8221; background_layout=&#8221;dark&#8221; custom_padding=&#8221;60px|30px|60px|40px&#8221; animation_style=&#8221;slide&#8221; animation_direction=&#8221;bottom&#8221; animation_intensity_slide=&#8221;10%&#8221; animation=&#8221;off&#8221; link_option_url=&#8221;\/?page_id=2879&#8243; custom_css_blurb_title=&#8221;min-height:105px;&#8221; border_width_all=&#8221;3px&#8221; border_color_all=&#8221;rgba(143,207,242,0.6)&#8221;]<\/p>\n<p>En el curso de la ejecuci\u00f3n de un proyecto, se plantean preguntas una y otra vez en las que se desea una visi\u00f3n externa cr\u00edtica, ya sea en una cuesti\u00f3n especial o en todo el proyecto.<\/p>\n<p>En tales situaciones, se recomienda reunir a los \u00f3rganos de expertos competentes<\/p>\n<p><strong>Objetivos<\/strong><\/p>\n<ul>\n<li>Optimizaci\u00f3n de proyectos mostrando las fortalezas y debilidades de una soluci\u00f3n elegida<\/li>\n<li>Presentar bases de toma de decisiones<\/li>\n<\/ul>\n<p><strong>Servicios<\/strong><\/p>\n<ul>\n<li>Gesti\u00f3n o participaci\u00f3n en organismos de expertos<\/li>\n<li>Revisi\u00f3n de proyectos con una amplia gama de requisitos de proyectos<\/li>\n<li>Opini\u00f3n sobre preguntas especiales seleccionadas<\/li>\n<li>Redacci\u00f3n de opiniones e informes de expertos<\/li>\n<\/ul>\n<p>[\/et_pb_blurb][\/et_pb_column][\/et_pb_row][et_pb_row _builder_version=&#8221;3.25&#8243; background_size=&#8221;initial&#8221; background_position=&#8221;top_left&#8221; background_repeat=&#8221;repeat&#8221; module_alignment=&#8221;center&#8221; border_color_all=&#8221;rgba(143,207,242,0.6)&#8221;][et_pb_column type=&#8221;4_4&#8243; _builder_version=&#8221;3.25&#8243; custom_padding=&#8221;|||&#8221; custom_padding__hover=&#8221;|||&#8221;][et_pb_text _builder_version=&#8221;3.27.4&#8243; text_font=&#8221;Saira Semi Condensed||||||||&#8221; text_text_color=&#8221;#ffffff&#8221; text_font_size=&#8221;22px&#8221; background_size=&#8221;initial&#8221; background_position=&#8221;top_left&#8221; background_repeat=&#8221;repeat&#8221; width=&#8221;93%&#8221; module_alignment=&#8221;center&#8221; custom_padding=&#8221;30px|60px|30px|60px|true|true&#8221; border_width_all=&#8221;3px&#8221; border_color_all=&#8221;rgba(143,207,242,0.6)&#8221;]<\/p>\n<p>Estamos encantados de llevar nuestra segunda opini\u00f3n experta a los comit\u00e9s de expertos para que pueda planificar, construir y operar su proyecto a\u00fan mejor<\/p>\n<p>[\/et_pb_text][\/et_pb_column][\/et_pb_row][et_pb_row _builder_version=&#8221;3.25&#8243; background_size=&#8221;initial&#8221; background_position=&#8221;top_left&#8221; background_repeat=&#8221;repeat&#8221;][et_pb_column type=&#8221;4_4&#8243; _builder_version=&#8221;3.25&#8243; custom_padding=&#8221;|||&#8221; custom_padding__hover=&#8221;|||&#8221;][et_pb_cta button_url=&#8221;https:\/\/www.heinzehrbarpartners.cyon.site\/contacto\/?lang=es&#8221; button_text=&#8221;Esperamos su contacto&#8221; _builder_version=&#8221;3.24&#8243; header_font=&#8221;Exo||||||||&#8221; body_font=&#8221;Exo||||||||&#8221; use_background_color=&#8221;off&#8221; background_size=&#8221;initial&#8221; background_position=&#8221;top_left&#8221; background_repeat=&#8221;repeat&#8221; custom_button=&#8221;on&#8221; button_text_color=&#8221;#ffffff&#8221; button_bg_color=&#8221;#598dbd&#8221; button_border_width=&#8221;1px&#8221; button_border_color=&#8221;#ffffff&#8221; button_border_radius=&#8221;0px&#8221; button_font=&#8221;|||on|||||&#8221; button_text_size__hover_enabled=&#8221;off&#8221; button_one_text_size__hover_enabled=&#8221;off&#8221; button_two_text_size__hover_enabled=&#8221;off&#8221; button_text_color__hover_enabled=&#8221;off&#8221; button_one_text_color__hover_enabled=&#8221;off&#8221; button_two_text_color__hover_enabled=&#8221;off&#8221; button_border_width__hover_enabled=&#8221;off&#8221; button_one_border_width__hover_enabled=&#8221;off&#8221; button_two_border_width__hover_enabled=&#8221;off&#8221; button_border_color__hover_enabled=&#8221;off&#8221; button_one_border_color__hover_enabled=&#8221;off&#8221; button_two_border_color__hover_enabled=&#8221;off&#8221; button_border_radius__hover_enabled=&#8221;off&#8221; button_one_border_radius__hover_enabled=&#8221;off&#8221; button_two_border_radius__hover_enabled=&#8221;off&#8221; button_letter_spacing__hover_enabled=&#8221;off&#8221; button_one_letter_spacing__hover_enabled=&#8221;off&#8221; button_two_letter_spacing__hover_enabled=&#8221;off&#8221; button_bg_color__hover_enabled=&#8221;off&#8221; button_one_bg_color__hover_enabled=&#8221;off&#8221; button_two_bg_color__hover_enabled=&#8221;off&#8221;][\/et_pb_cta][\/et_pb_column][\/et_pb_row][\/et_pb_section]<\/p>\n","protected":false},"excerpt":{"rendered":"<p>En el curso de la ejecuci\u00f3n de un proyecto, se plantean preguntas una y otra vez en las que se desea una visi\u00f3n externa cr\u00edtica, ya sea en una cuesti\u00f3n especial o en todo el proyecto. En tales situaciones, se recomienda reunir a los \u00f3rganos de expertos competentes Objetivos Optimizaci\u00f3n de proyectos mostrando las fortalezas [&hellip;]<\/p>\n","protected":false},"author":2,"featured_media":0,"parent":4625,"menu_order":30,"comment_status":"closed","ping_status":"closed","template":"","meta":{"_et_pb_use_builder":"on","_et_pb_old_content":"","_et_gb_content_width":""},"yoast_head":"<!-- This site is optimized with the Yoast SEO plugin v20.6 - https:\/\/yoast.com\/wordpress\/plugins\/seo\/ -->\n<title>Rese\u00f1as de proyectos y opiniones de expertos - HEINZ EHRBAR PARTNERS GmbH<\/title>\n<meta name=\"robots\" content=\"index, follow, max-snippet:-1, max-image-preview:large, max-video-preview:-1\" \/>\n<link rel=\"canonical\" href=\"https:\/\/www.heinzehrbarpartners.com\/es\/servicios\/resenas-de-proyectos-y-opiniones-de-expertos\/\" \/>\n<meta property=\"og:locale\" content=\"es_ES\" \/>\n<meta property=\"og:type\" content=\"article\" \/>\n<meta property=\"og:title\" content=\"Rese\u00f1as de proyectos y opiniones de expertos - HEINZ EHRBAR PARTNERS GmbH\" \/>\n<meta property=\"og:description\" content=\"En el curso de la ejecuci\u00f3n de un proyecto, se plantean preguntas una y otra vez en las que se desea una visi\u00f3n externa cr\u00edtica, ya sea en una cuesti\u00f3n especial o en todo el proyecto. En tales situaciones, se recomienda reunir a los \u00f3rganos de expertos competentes Objetivos Optimizaci\u00f3n de proyectos mostrando las fortalezas [&hellip;]\" \/>\n<meta property=\"og:url\" content=\"https:\/\/www.heinzehrbarpartners.com\/es\/servicios\/resenas-de-proyectos-y-opiniones-de-expertos\/\" \/>\n<meta property=\"og:site_name\" content=\"HEINZ EHRBAR PARTNERS GmbH\" \/>\n<meta property=\"article:modified_time\" content=\"2020-06-11T23:17:20+00:00\" \/>\n<meta name=\"twitter:card\" content=\"summary_large_image\" \/>\n<meta name=\"twitter:label1\" content=\"Est. reading time\" \/>\n\t<meta name=\"twitter:data1\" content=\"4 minutes\" \/>\n<script type=\"application\/ld+json\" class=\"yoast-schema-graph\">{\"@context\":\"https:\/\/schema.org\",\"@graph\":[{\"@type\":\"WebPage\",\"@id\":\"https:\/\/www.heinzehrbarpartners.com\/es\/servicios\/resenas-de-proyectos-y-opiniones-de-expertos\/\",\"url\":\"https:\/\/www.heinzehrbarpartners.com\/es\/servicios\/resenas-de-proyectos-y-opiniones-de-expertos\/\",\"name\":\"Rese\u00f1as de proyectos y opiniones de expertos - HEINZ EHRBAR PARTNERS GmbH\",\"isPartOf\":{\"@id\":\"https:\/\/www.heinzehrbarpartners.com\/es\/#website\"},\"datePublished\":\"2020-06-08T08:44:25+00:00\",\"dateModified\":\"2020-06-11T23:17:20+00:00\",\"breadcrumb\":{\"@id\":\"https:\/\/www.heinzehrbarpartners.com\/es\/servicios\/resenas-de-proyectos-y-opiniones-de-expertos\/#breadcrumb\"},\"inLanguage\":\"es-ES\",\"potentialAction\":[{\"@type\":\"ReadAction\",\"target\":[\"https:\/\/www.heinzehrbarpartners.com\/es\/servicios\/resenas-de-proyectos-y-opiniones-de-expertos\/\"]}]},{\"@type\":\"BreadcrumbList\",\"@id\":\"https:\/\/www.heinzehrbarpartners.com\/es\/servicios\/resenas-de-proyectos-y-opiniones-de-expertos\/#breadcrumb\",\"itemListElement\":[{\"@type\":\"ListItem\",\"position\":1,\"name\":\"Home\",\"item\":\"https:\/\/www.heinzehrbarpartners.com\/es\/\"},{\"@type\":\"ListItem\",\"position\":2,\"name\":\"Servicios\",\"item\":\"https:\/\/www.heinzehrbarpartners.com\/es\/servicios\/\"},{\"@type\":\"ListItem\",\"position\":3,\"name\":\"Rese\u00f1as de proyectos y opiniones de expertos\"}]},{\"@type\":\"WebSite\",\"@id\":\"https:\/\/www.heinzehrbarpartners.com\/es\/#website\",\"url\":\"https:\/\/www.heinzehrbarpartners.com\/es\/\",\"name\":\"HEINZ EHRBAR PARTNERS GmbH\",\"description\":\"Tunnelbau und Wasserkraft\",\"potentialAction\":[{\"@type\":\"SearchAction\",\"target\":{\"@type\":\"EntryPoint\",\"urlTemplate\":\"https:\/\/www.heinzehrbarpartners.com\/es\/?s={search_term_string}\"},\"query-input\":\"required name=search_term_string\"}],\"inLanguage\":\"es-ES\"}]}<\/script>\n<!-- \/ Yoast SEO plugin. -->","yoast_head_json":{"title":"Rese\u00f1as de proyectos y opiniones de expertos - HEINZ EHRBAR PARTNERS GmbH","robots":{"index":"index","follow":"follow","max-snippet":"max-snippet:-1","max-image-preview":"max-image-preview:large","max-video-preview":"max-video-preview:-1"},"canonical":"https:\/\/www.heinzehrbarpartners.com\/es\/servicios\/resenas-de-proyectos-y-opiniones-de-expertos\/","og_locale":"es_ES","og_type":"article","og_title":"Rese\u00f1as de proyectos y opiniones de expertos - HEINZ EHRBAR PARTNERS GmbH","og_description":"En el curso de la ejecuci\u00f3n de un proyecto, se plantean preguntas una y otra vez en las que se desea una visi\u00f3n externa cr\u00edtica, ya sea en una cuesti\u00f3n especial o en todo el proyecto. En tales situaciones, se recomienda reunir a los \u00f3rganos de expertos competentes Objetivos Optimizaci\u00f3n de proyectos mostrando las fortalezas [&hellip;]","og_url":"https:\/\/www.heinzehrbarpartners.com\/es\/servicios\/resenas-de-proyectos-y-opiniones-de-expertos\/","og_site_name":"HEINZ EHRBAR PARTNERS GmbH","article_modified_time":"2020-06-11T23:17:20+00:00","twitter_card":"summary_large_image","twitter_misc":{"Est. reading time":"4 minutes"},"schema":{"@context":"https:\/\/schema.org","@graph":[{"@type":"WebPage","@id":"https:\/\/www.heinzehrbarpartners.com\/es\/servicios\/resenas-de-proyectos-y-opiniones-de-expertos\/","url":"https:\/\/www.heinzehrbarpartners.com\/es\/servicios\/resenas-de-proyectos-y-opiniones-de-expertos\/","name":"Rese\u00f1as de proyectos y opiniones de expertos - HEINZ EHRBAR PARTNERS GmbH","isPartOf":{"@id":"https:\/\/www.heinzehrbarpartners.com\/es\/#website"},"datePublished":"2020-06-08T08:44:25+00:00","dateModified":"2020-06-11T23:17:20+00:00","breadcrumb":{"@id":"https:\/\/www.heinzehrbarpartners.com\/es\/servicios\/resenas-de-proyectos-y-opiniones-de-expertos\/#breadcrumb"},"inLanguage":"es-ES","potentialAction":[{"@type":"ReadAction","target":["https:\/\/www.heinzehrbarpartners.com\/es\/servicios\/resenas-de-proyectos-y-opiniones-de-expertos\/"]}]},{"@type":"BreadcrumbList","@id":"https:\/\/www.heinzehrbarpartners.com\/es\/servicios\/resenas-de-proyectos-y-opiniones-de-expertos\/#breadcrumb","itemListElement":[{"@type":"ListItem","position":1,"name":"Home","item":"https:\/\/www.heinzehrbarpartners.com\/es\/"},{"@type":"ListItem","position":2,"name":"Servicios","item":"https:\/\/www.heinzehrbarpartners.com\/es\/servicios\/"},{"@type":"ListItem","position":3,"name":"Rese\u00f1as de proyectos y opiniones de expertos"}]},{"@type":"WebSite","@id":"https:\/\/www.heinzehrbarpartners.com\/es\/#website","url":"https:\/\/www.heinzehrbarpartners.com\/es\/","name":"HEINZ EHRBAR PARTNERS GmbH","description":"Tunnelbau und Wasserkraft","potentialAction":[{"@type":"SearchAction","target":{"@type":"EntryPoint","urlTemplate":"https:\/\/www.heinzehrbarpartners.com\/es\/?s={search_term_string}"},"query-input":"required name=search_term_string"}],"inLanguage":"es-ES"}]}},"_links":{"self":[{"href":"https:\/\/www.heinzehrbarpartners.com\/es\/wp-json\/wp\/v2\/pages\/4652"}],"collection":[{"href":"https:\/\/www.heinzehrbarpartners.com\/es\/wp-json\/wp\/v2\/pages"}],"about":[{"href":"https:\/\/www.heinzehrbarpartners.com\/es\/wp-json\/wp\/v2\/types\/page"}],"author":[{"embeddable":true,"href":"https:\/\/www.heinzehrbarpartners.com\/es\/wp-json\/wp\/v2\/users\/2"}],"replies":[{"embeddable":true,"href":"https:\/\/www.heinzehrbarpartners.com\/es\/wp-json\/wp\/v2\/comments?post=4652"}],"version-history":[{"count":1,"href":"https:\/\/www.heinzehrbarpartners.com\/es\/wp-json\/wp\/v2\/pages\/4652\/revisions"}],"predecessor-version":[{"id":4653,"href":"https:\/\/www.heinzehrbarpartners.com\/es\/wp-json\/wp\/v2\/pages\/4652\/revisions\/4653"}],"up":[{"embeddable":true,"href":"https:\/\/www.heinzehrbarpartners.com\/es\/wp-json\/wp\/v2\/pages\/4625"}],"wp:attachment":[{"href":"https:\/\/www.heinzehrbarpartners.com\/es\/wp-json\/wp\/v2\/media?parent=4652"}],"curies":[{"name":"wp","href":"https:\/\/api.w.org\/{rel}","templated":true}]}}