{"id":4644,"date":"2020-06-08T10:42:21","date_gmt":"2020-06-08T08:42:21","guid":{"rendered":"https:\/\/preview.heinzehrbarpartners.com\/servicios\/procesos-y-organizacion\/"},"modified":"2020-06-12T01:17:20","modified_gmt":"2020-06-11T23:17:20","slug":"procesos-y-organizacion","status":"publish","type":"page","link":"https:\/\/www.heinzehrbarpartners.com\/es\/servicios\/procesos-y-organizacion\/","title":{"rendered":"Procesos y organizaci\u00f3n"},"content":{"rendered":"<p>[et_pb_section fb_built=&#8221;1&#8243; fullwidth=&#8221;on&#8221; module_class=&#8221;bg-overlay&#8221; _builder_version=&#8221;4.4.3&#8243; background_image=&#8221;https:\/\/www.heinzehrbarpartners.cyon.site\/wp-content\/uploads\/2020\/04\/Bildschirmfoto-2020-04-12-um-18.18.34.png&#8221; parallax=&#8221;on&#8221;][et_pb_fullwidth_header title=&#8221;Procesos y ORGANIZACION&#8221; text_orientation=&#8221;center&#8221; header_fullscreen=&#8221;on&#8221; header_scroll_down=&#8221;on&#8221; scroll_down_icon_color=&#8221;#8fcff2&#8243; title_tablet=&#8221;&#8221; title_phone=&#8221;&#8221; title_last_edited=&#8221;on|desktop&#8221; _builder_version=&#8221;4.4.3&#8243; title_font=&#8221;Saira Semi Condensed|||on|||||&#8221; title_text_color=&#8221;#ffffff&#8221; title_font_size=&#8221;40px&#8221; content_font=&#8221;Saira Semi Condensed||||||||&#8221; content_font_size=&#8221;22px&#8221; content_letter_spacing=&#8221;0.22px&#8221; content_line_height=&#8221;1.32em&#8221; content_link_font=&#8221;Saira Semi Condensed||||||||&#8221; content_link_text_color=&#8221;#8fcff2&#8243; background_color=&#8221;rgba(0,0,0,0)&#8221; background_color_gradient_direction=&#8221;260deg&#8221; background_image=&#8221;https:\/\/www.heinzehrbarpartners.cyon.site\/wp-content\/uploads\/2020\/04\/LZ01-206796-v1-2009_11_20_Erstfeld_Inst_platz_\u00dcbersicht_mit__Blick_zu_See_4__BF_170.jpeg&#8221; parallax=&#8221;on&#8221; parallax_method=&#8221;on&#8221; custom_button_one=&#8221;on&#8221; button_one_text_color=&#8221;#57a4da&#8221; button_one_bg_color=&#8221;rgba(143,207,242,0.3)&#8221; button_one_border_width=&#8221;1px&#8221; button_one_border_color=&#8221;#ffffff&#8221; button_one_font=&#8221;||||||||&#8221;][\/et_pb_fullwidth_header][\/et_pb_section][et_pb_section fb_built=&#8221;1&#8243; _builder_version=&#8221;3.24&#8243; use_background_color_gradient=&#8221;on&#8221; background_color_gradient_start=&#8221;#022060&#8243; background_color_gradient_end=&#8221;#3e6faa&#8221; background_color_gradient_direction=&#8221;90deg&#8221; custom_css_main_element=&#8221;min-height:81vh;&#8221;][et_pb_row use_custom_gutter=&#8221;on&#8221; gutter_width=&#8221;2&#8243; make_equal=&#8221;on&#8221; admin_label=&#8221;Servicios&#8221; module_id=&#8221;intro&#8221; _builder_version=&#8221;3.25&#8243; border_color_all=&#8221;#8fcff2&#8243;][et_pb_column type=&#8221;4_4&#8243; _builder_version=&#8221;3.25&#8243; custom_padding=&#8221;|||&#8221; custom_padding__hover=&#8221;|||&#8221;][et_pb_blurb title=&#8221;ProjectoRganizaci\u00f3n&#8221; url=&#8221;http:\/\/Tunnel-%20und%20Untertagbau&#8221; content_max_width=&#8221;1024px&#8221; admin_label=&#8221;Service&#8221; _builder_version=&#8221;3.24&#8243; header_level=&#8221;h6&#8243; header_font=&#8221;Saira Semi Condensed|600||on|||||&#8221; header_text_align=&#8221;center&#8221; header_text_color=&#8221;#ffffff&#8221; header_font_size=&#8221;28px&#8221; header_line_height=&#8221;1.7em&#8221; body_font=&#8221;Open Sans||||||||&#8221; body_text_align=&#8221;left&#8221; body_text_color=&#8221;#ffffff&#8221; body_font_size=&#8221;16px&#8221; body_line_height=&#8221;1.8em&#8221; background_layout=&#8221;dark&#8221; custom_padding=&#8221;60px|30px|60px|40px&#8221; animation_style=&#8221;slide&#8221; animation_direction=&#8221;bottom&#8221; animation_intensity_slide=&#8221;10%&#8221; animation=&#8221;off&#8221; link_option_url=&#8221;\/?page_id=2879&#8243; custom_css_blurb_title=&#8221;min-height:105px;&#8221; border_width_all=&#8221;3px&#8221; border_color_all=&#8221;rgba(143,207,242,0.6)&#8221;]<\/p>\n<p>Los proyectos de infraestructura son proyectos complejos \u00fanicos con objetivos claramente definidos (requisitos de proyecto) que deben lograrse con tiempo predeterminado, recursos financieros y humanos con una organizaci\u00f3n espec\u00edfica.<\/p>\n<p> <span style=\"font-size: 16px;\">Los proyectos de infraestructura requieren el m\u00e1s alto nivel de experiencia y la consideraci\u00f3n de la experiencia adquirida por todos los participantes del proyecto.<\/span><\/p>\n<p> <span style=\"font-size: 16px;\"> <\/span><span style=\"font-size: 16px;\"> <\/span><\/p>\n<p><strong>Objetivos<\/strong><\/p>\n<ul>\n<li>Crear una base estable con la definici\u00f3n de los requisitos claros del proyecto en las primeras fases del proyecto para asegurar el \u00e9xito futuro del proyecto<\/li>\n<li>Estructura del proyecto en unidades manejables y manejables<\/li>\n<li>Asignaci\u00f3n clara, equilibrada y paso a paso de tareas y competencias y responsabilidades <\/li>\n<li>Garantizar la coordinaci\u00f3n entre las unidades individuales<\/li>\n<\/ul>\n<p>&nbsp;<\/p>\n<p><strong>Servicios<\/strong><span style=\"font-size: 16px;\"> <\/span><\/p>\n<ul>\n<li>Compilar los requisitos del proyecto y desarrollar las especificaciones del proyecto<\/li>\n<li><span style=\"font-size: 16px;\">Desarrollo de gu\u00edas y procesos<\/span><\/li>\n<li><span style=\"font-size: 16px;\">Desarrollo de propuestas para la organizaci\u00f3n de proyectos<\/span><\/li>\n<li><span style=\"font-size: 16px;\">Desarrollo de perfiles de requisitos y descripciones de puestos de trabajo para gerentes<\/span><span style=\"font-size: 16px;\"> <\/span><\/li>\n<\/ul>\n<p>&nbsp;<\/p>\n<p>[\/et_pb_blurb][\/et_pb_column][\/et_pb_row][et_pb_row _builder_version=&#8221;3.25&#8243; background_size=&#8221;initial&#8221; background_position=&#8221;top_left&#8221; background_repeat=&#8221;repeat&#8221; module_alignment=&#8221;center&#8221; border_color_all=&#8221;rgba(143,207,242,0.6)&#8221;][et_pb_column type=&#8221;4_4&#8243; _builder_version=&#8221;3.25&#8243; custom_padding=&#8221;|||&#8221; custom_padding__hover=&#8221;|||&#8221;][et_pb_text _builder_version=&#8221;3.27.4&#8243; text_font=&#8221;Saira Semi Condensed||||||||&#8221; text_text_color=&#8221;#ffffff&#8221; text_font_size=&#8221;22px&#8221; background_size=&#8221;initial&#8221; background_position=&#8221;top_left&#8221; background_repeat=&#8221;repeat&#8221; width=&#8221;93%&#8221; module_alignment=&#8221;center&#8221; custom_padding=&#8221;30px|60px|30px|60px|true|true&#8221; border_width_all=&#8221;3px&#8221; border_color_all=&#8221;rgba(143,207,242,0.6)&#8221;]<\/p>\n<p>Estamos encantados de apoyarle en la construcci\u00f3n apropiada para la fase del proceso y la estructura<\/p>\n<p>[\/et_pb_text][\/et_pb_column][\/et_pb_row][et_pb_row _builder_version=&#8221;3.25&#8243; background_size=&#8221;initial&#8221; background_position=&#8221;top_left&#8221; background_repeat=&#8221;repeat&#8221;][et_pb_column type=&#8221;4_4&#8243; _builder_version=&#8221;3.25&#8243; custom_padding=&#8221;|||&#8221; custom_padding__hover=&#8221;|||&#8221;][et_pb_cta button_url=&#8221;https:\/\/www.heinzehrbarpartners.cyon.site\/contacto\/?lang=es&#8221; button_text=&#8221;Esperamos su contacto&#8221; _builder_version=&#8221;3.24&#8243; header_font=&#8221;Exo||||||||&#8221; body_font=&#8221;Exo||||||||&#8221; use_background_color=&#8221;off&#8221; background_size=&#8221;initial&#8221; background_position=&#8221;top_left&#8221; background_repeat=&#8221;repeat&#8221; custom_button=&#8221;on&#8221; button_text_color=&#8221;#ffffff&#8221; button_bg_color=&#8221;#598dbd&#8221; button_border_width=&#8221;1px&#8221; button_border_color=&#8221;#ffffff&#8221; button_border_radius=&#8221;0px&#8221; button_font=&#8221;|||on|||||&#8221; button_text_size__hover_enabled=&#8221;off&#8221; button_one_text_size__hover_enabled=&#8221;off&#8221; button_two_text_size__hover_enabled=&#8221;off&#8221; button_text_color__hover_enabled=&#8221;off&#8221; button_one_text_color__hover_enabled=&#8221;off&#8221; button_two_text_color__hover_enabled=&#8221;off&#8221; button_border_width__hover_enabled=&#8221;off&#8221; button_one_border_width__hover_enabled=&#8221;off&#8221; button_two_border_width__hover_enabled=&#8221;off&#8221; button_border_color__hover_enabled=&#8221;off&#8221; button_one_border_color__hover_enabled=&#8221;off&#8221; button_two_border_color__hover_enabled=&#8221;off&#8221; button_border_radius__hover_enabled=&#8221;off&#8221; button_one_border_radius__hover_enabled=&#8221;off&#8221; button_two_border_radius__hover_enabled=&#8221;off&#8221; button_letter_spacing__hover_enabled=&#8221;off&#8221; button_one_letter_spacing__hover_enabled=&#8221;off&#8221; button_two_letter_spacing__hover_enabled=&#8221;off&#8221; button_bg_color__hover_enabled=&#8221;off&#8221; button_one_bg_color__hover_enabled=&#8221;off&#8221; button_two_bg_color__hover_enabled=&#8221;off&#8221;][\/et_pb_cta][\/et_pb_column][\/et_pb_row][\/et_pb_section]<\/p>\n","protected":false},"excerpt":{"rendered":"<p>Los proyectos de infraestructura son proyectos complejos \u00fanicos con objetivos claramente definidos (requisitos de proyecto) que deben lograrse con tiempo predeterminado, recursos financieros y humanos con una organizaci\u00f3n espec\u00edfica. Los proyectos de infraestructura requieren el m\u00e1s alto nivel de experiencia y la consideraci\u00f3n de la experiencia adquirida por todos los participantes del proyecto. Objetivos Crear [&hellip;]<\/p>\n","protected":false},"author":2,"featured_media":0,"parent":4625,"menu_order":10,"comment_status":"closed","ping_status":"closed","template":"","meta":{"_et_pb_use_builder":"on","_et_pb_old_content":"","_et_gb_content_width":""},"yoast_head":"<!-- This site is optimized with the Yoast SEO plugin v20.6 - https:\/\/yoast.com\/wordpress\/plugins\/seo\/ -->\n<title>Procesos y organizaci\u00f3n - HEINZ EHRBAR PARTNERS GmbH<\/title>\n<meta name=\"robots\" content=\"index, follow, max-snippet:-1, max-image-preview:large, max-video-preview:-1\" \/>\n<link rel=\"canonical\" href=\"https:\/\/www.heinzehrbarpartners.com\/es\/servicios\/procesos-y-organizacion\/\" \/>\n<meta property=\"og:locale\" content=\"es_ES\" \/>\n<meta property=\"og:type\" content=\"article\" \/>\n<meta property=\"og:title\" content=\"Procesos y organizaci\u00f3n - HEINZ EHRBAR PARTNERS GmbH\" \/>\n<meta property=\"og:description\" content=\"Los proyectos de infraestructura son proyectos complejos \u00fanicos con objetivos claramente definidos (requisitos de proyecto) que deben lograrse con tiempo predeterminado, recursos financieros y humanos con una organizaci\u00f3n espec\u00edfica. Los proyectos de infraestructura requieren el m\u00e1s alto nivel de experiencia y la consideraci\u00f3n de la experiencia adquirida por todos los participantes del proyecto. Objetivos Crear [&hellip;]\" \/>\n<meta property=\"og:url\" content=\"https:\/\/www.heinzehrbarpartners.com\/es\/servicios\/procesos-y-organizacion\/\" \/>\n<meta property=\"og:site_name\" content=\"HEINZ EHRBAR PARTNERS GmbH\" \/>\n<meta property=\"article:modified_time\" content=\"2020-06-11T23:17:20+00:00\" \/>\n<meta name=\"twitter:card\" content=\"summary_large_image\" \/>\n<meta name=\"twitter:label1\" content=\"Est. reading time\" \/>\n\t<meta name=\"twitter:data1\" content=\"4 minutes\" \/>\n<script type=\"application\/ld+json\" class=\"yoast-schema-graph\">{\"@context\":\"https:\/\/schema.org\",\"@graph\":[{\"@type\":\"WebPage\",\"@id\":\"https:\/\/www.heinzehrbarpartners.com\/es\/servicios\/procesos-y-organizacion\/\",\"url\":\"https:\/\/www.heinzehrbarpartners.com\/es\/servicios\/procesos-y-organizacion\/\",\"name\":\"Procesos y organizaci\u00f3n - HEINZ EHRBAR PARTNERS GmbH\",\"isPartOf\":{\"@id\":\"https:\/\/www.heinzehrbarpartners.com\/es\/#website\"},\"datePublished\":\"2020-06-08T08:42:21+00:00\",\"dateModified\":\"2020-06-11T23:17:20+00:00\",\"breadcrumb\":{\"@id\":\"https:\/\/www.heinzehrbarpartners.com\/es\/servicios\/procesos-y-organizacion\/#breadcrumb\"},\"inLanguage\":\"es-ES\",\"potentialAction\":[{\"@type\":\"ReadAction\",\"target\":[\"https:\/\/www.heinzehrbarpartners.com\/es\/servicios\/procesos-y-organizacion\/\"]}]},{\"@type\":\"BreadcrumbList\",\"@id\":\"https:\/\/www.heinzehrbarpartners.com\/es\/servicios\/procesos-y-organizacion\/#breadcrumb\",\"itemListElement\":[{\"@type\":\"ListItem\",\"position\":1,\"name\":\"Home\",\"item\":\"https:\/\/www.heinzehrbarpartners.com\/es\/\"},{\"@type\":\"ListItem\",\"position\":2,\"name\":\"Servicios\",\"item\":\"https:\/\/www.heinzehrbarpartners.com\/es\/servicios\/\"},{\"@type\":\"ListItem\",\"position\":3,\"name\":\"Procesos y organizaci\u00f3n\"}]},{\"@type\":\"WebSite\",\"@id\":\"https:\/\/www.heinzehrbarpartners.com\/es\/#website\",\"url\":\"https:\/\/www.heinzehrbarpartners.com\/es\/\",\"name\":\"HEINZ EHRBAR PARTNERS GmbH\",\"description\":\"Tunnelbau und Wasserkraft\",\"potentialAction\":[{\"@type\":\"SearchAction\",\"target\":{\"@type\":\"EntryPoint\",\"urlTemplate\":\"https:\/\/www.heinzehrbarpartners.com\/es\/?s={search_term_string}\"},\"query-input\":\"required name=search_term_string\"}],\"inLanguage\":\"es-ES\"}]}<\/script>\n<!-- \/ Yoast SEO plugin. -->","yoast_head_json":{"title":"Procesos y organizaci\u00f3n - HEINZ EHRBAR PARTNERS GmbH","robots":{"index":"index","follow":"follow","max-snippet":"max-snippet:-1","max-image-preview":"max-image-preview:large","max-video-preview":"max-video-preview:-1"},"canonical":"https:\/\/www.heinzehrbarpartners.com\/es\/servicios\/procesos-y-organizacion\/","og_locale":"es_ES","og_type":"article","og_title":"Procesos y organizaci\u00f3n - HEINZ EHRBAR PARTNERS GmbH","og_description":"Los proyectos de infraestructura son proyectos complejos \u00fanicos con objetivos claramente definidos (requisitos de proyecto) que deben lograrse con tiempo predeterminado, recursos financieros y humanos con una organizaci\u00f3n espec\u00edfica. Los proyectos de infraestructura requieren el m\u00e1s alto nivel de experiencia y la consideraci\u00f3n de la experiencia adquirida por todos los participantes del proyecto. Objetivos Crear [&hellip;]","og_url":"https:\/\/www.heinzehrbarpartners.com\/es\/servicios\/procesos-y-organizacion\/","og_site_name":"HEINZ EHRBAR PARTNERS GmbH","article_modified_time":"2020-06-11T23:17:20+00:00","twitter_card":"summary_large_image","twitter_misc":{"Est. reading time":"4 minutes"},"schema":{"@context":"https:\/\/schema.org","@graph":[{"@type":"WebPage","@id":"https:\/\/www.heinzehrbarpartners.com\/es\/servicios\/procesos-y-organizacion\/","url":"https:\/\/www.heinzehrbarpartners.com\/es\/servicios\/procesos-y-organizacion\/","name":"Procesos y organizaci\u00f3n - HEINZ EHRBAR PARTNERS GmbH","isPartOf":{"@id":"https:\/\/www.heinzehrbarpartners.com\/es\/#website"},"datePublished":"2020-06-08T08:42:21+00:00","dateModified":"2020-06-11T23:17:20+00:00","breadcrumb":{"@id":"https:\/\/www.heinzehrbarpartners.com\/es\/servicios\/procesos-y-organizacion\/#breadcrumb"},"inLanguage":"es-ES","potentialAction":[{"@type":"ReadAction","target":["https:\/\/www.heinzehrbarpartners.com\/es\/servicios\/procesos-y-organizacion\/"]}]},{"@type":"BreadcrumbList","@id":"https:\/\/www.heinzehrbarpartners.com\/es\/servicios\/procesos-y-organizacion\/#breadcrumb","itemListElement":[{"@type":"ListItem","position":1,"name":"Home","item":"https:\/\/www.heinzehrbarpartners.com\/es\/"},{"@type":"ListItem","position":2,"name":"Servicios","item":"https:\/\/www.heinzehrbarpartners.com\/es\/servicios\/"},{"@type":"ListItem","position":3,"name":"Procesos y organizaci\u00f3n"}]},{"@type":"WebSite","@id":"https:\/\/www.heinzehrbarpartners.com\/es\/#website","url":"https:\/\/www.heinzehrbarpartners.com\/es\/","name":"HEINZ EHRBAR PARTNERS GmbH","description":"Tunnelbau und Wasserkraft","potentialAction":[{"@type":"SearchAction","target":{"@type":"EntryPoint","urlTemplate":"https:\/\/www.heinzehrbarpartners.com\/es\/?s={search_term_string}"},"query-input":"required name=search_term_string"}],"inLanguage":"es-ES"}]}},"_links":{"self":[{"href":"https:\/\/www.heinzehrbarpartners.com\/es\/wp-json\/wp\/v2\/pages\/4644"}],"collection":[{"href":"https:\/\/www.heinzehrbarpartners.com\/es\/wp-json\/wp\/v2\/pages"}],"about":[{"href":"https:\/\/www.heinzehrbarpartners.com\/es\/wp-json\/wp\/v2\/types\/page"}],"author":[{"embeddable":true,"href":"https:\/\/www.heinzehrbarpartners.com\/es\/wp-json\/wp\/v2\/users\/2"}],"replies":[{"embeddable":true,"href":"https:\/\/www.heinzehrbarpartners.com\/es\/wp-json\/wp\/v2\/comments?post=4644"}],"version-history":[{"count":7,"href":"https:\/\/www.heinzehrbarpartners.com\/es\/wp-json\/wp\/v2\/pages\/4644\/revisions"}],"predecessor-version":[{"id":5132,"href":"https:\/\/www.heinzehrbarpartners.com\/es\/wp-json\/wp\/v2\/pages\/4644\/revisions\/5132"}],"up":[{"embeddable":true,"href":"https:\/\/www.heinzehrbarpartners.com\/es\/wp-json\/wp\/v2\/pages\/4625"}],"wp:attachment":[{"href":"https:\/\/www.heinzehrbarpartners.com\/es\/wp-json\/wp\/v2\/media?parent=4644"}],"curies":[{"name":"wp","href":"https:\/\/api.w.org\/{rel}","templated":true}]}}