{"id":4621,"date":"2020-06-08T10:26:20","date_gmt":"2020-06-08T08:26:20","guid":{"rendered":"https:\/\/preview.heinzehrbarpartners.com\/actividades\/obras-subterraneas-2\/"},"modified":"2020-06-12T01:17:26","modified_gmt":"2020-06-11T23:17:26","slug":"obras-subterraneas-2","status":"publish","type":"page","link":"https:\/\/www.heinzehrbarpartners.com\/es\/actividades\/obras-subterraneas-2\/","title":{"rendered":"Obras subterr\u00e1neas"},"content":{"rendered":"<p>[et_pb_section fb_built=&#8221;1&#8243; fullwidth=&#8221;on&#8221; module_class=&#8221;bg-overlay&#8221; _builder_version=&#8221;3.24&#8243; background_color=&#8221;#000000&#8243; use_background_color_gradient=&#8221;on&#8221; background_color_gradient_start=&#8221;rgba(160,160,160,0.41)&#8221; background_color_gradient_end=&#8221;rgba(0,0,0,0.41)&#8221; background_image=&#8221;https:\/\/www.heinzehrbarpartners.cyon.site\/wp-content\/uploads\/2019\/06\/Kaverne-Martina-im-Bau.jpg&#8221; parallax=&#8221;on&#8221;][et_pb_fullwidth_header title=&#8221;Obras subterr\u00e1neas &#8211; Uso suave y sostenible de nuestro medio ambiente&#8221; text_orientation=&#8221;center&#8221; header_fullscreen=&#8221;on&#8221; header_scroll_down=&#8221;on&#8221; scroll_down_icon_color=&#8221;#8fcff2&#8243; _builder_version=&#8221;4.4.3&#8243; title_font=&#8221;Saira Semi Condensed|||on|||||&#8221; title_text_color=&#8221;#ffffff&#8221; title_font_size=&#8221;40px&#8221; content_font=&#8221;Saira Semi Condensed||||||||&#8221; content_font_size=&#8221;22px&#8221; content_letter_spacing=&#8221;0.22px&#8221; content_line_height=&#8221;1.32em&#8221; content_link_font=&#8221;Saira Semi Condensed||||||||&#8221; content_link_text_color=&#8221;#8fcff2&#8243; background_color=&#8221;rgba(0,0,0,0)&#8221; background_color_gradient_direction=&#8221;260deg&#8221; parallax=&#8221;on&#8221; custom_button_one=&#8221;on&#8221; button_one_text_color=&#8221;#57a4da&#8221; button_one_bg_color=&#8221;rgba(143,207,242,0.3)&#8221; button_one_border_width=&#8221;1px&#8221; button_one_border_color=&#8221;#ffffff&#8221; button_one_font=&#8221;||||||||&#8221;][\/et_pb_fullwidth_header][\/et_pb_section][et_pb_section fb_built=&#8221;1&#8243; _builder_version=&#8221;3.24&#8243; use_background_color_gradient=&#8221;on&#8221; background_color_gradient_start=&#8221;#022060&#8243; background_color_gradient_end=&#8221;#3e6faa&#8221; background_color_gradient_direction=&#8221;90deg&#8221; custom_css_main_element=&#8221;min-height:81vh;&#8221;][et_pb_row use_custom_gutter=&#8221;on&#8221; gutter_width=&#8221;2&#8243; make_equal=&#8221;on&#8221; admin_label=&#8221;Servicios&#8221; module_id=&#8221;intro&#8221; _builder_version=&#8221;3.25&#8243; border_color_all=&#8221;#8fcff2&#8243;][et_pb_column type=&#8221;4_4&#8243; _builder_version=&#8221;3.25&#8243; custom_padding=&#8221;|||&#8221; custom_padding__hover=&#8221;|||&#8221;][et_pb_blurb title=&#8221;Obras subterr\u00e1neas&#8221; image=&#8221;https:\/\/www.heinzehrbarpartners.cyon.site\/wp-content\/uploads\/2019\/06\/tunnelbau.png&#8221; content_max_width=&#8221;1024px&#8221; admin_label=&#8221;Service&#8221; _builder_version=&#8221;4.4.3&#8243; header_level=&#8221;h6&#8243; header_font=&#8221;Saira Semi Condensed|600||on|||||&#8221; header_text_align=&#8221;center&#8221; header_text_color=&#8221;#ffffff&#8221; header_font_size=&#8221;28px&#8221; header_line_height=&#8221;1.7em&#8221; body_font=&#8221;Open Sans||||||||&#8221; body_text_align=&#8221;center&#8221; body_text_color=&#8221;#ffffff&#8221; body_font_size=&#8221;16px&#8221; body_line_height=&#8221;1.8em&#8221; background_layout=&#8221;dark&#8221; custom_padding=&#8221;60px|30px|60px|40px&#8221; animation_style=&#8221;slide&#8221; animation_direction=&#8221;bottom&#8221; animation_intensity_slide=&#8221;10%&#8221; animation=&#8221;off&#8221; custom_css_blurb_title=&#8221;min-height:105px;&#8221; border_width_all=&#8221;3px&#8221; border_color_all=&#8221;rgba(143,207,242,0.6)&#8221;]<\/p>\n<p style=\"text-align: left;\">Las obras subterr\u00e1neas est\u00e1n dise\u00f1adas para un uso sostenible con una larga vida \u00fatil de al menos 80 a 100 a\u00f1os y dan como resultado un alto requisito de inversi\u00f3n.<span style=\"font-size: 16px; text-align: center;\"> <\/span><\/p>\n<p style=\"text-align: left;\">La construcci\u00f3n subterr\u00e1nea es especial en comparaci\u00f3n con otras \u00e1reas de construcci\u00f3n.<span style=\"font-size: 16px; text-align: center;\"> <\/span><\/p>\n<p style=\"text-align: left;\">A diferencia del puente y la construcci\u00f3n en general, las propiedades del material de construcci\u00f3n m\u00e1s importante, el suelo, a menudo no se conocen exactamente en la construcci\u00f3n subterr\u00e1nea. A medida que se ejecuta, estas propiedades pueden cambiar r\u00e1pidamente. El elemento m\u00e1s importante de la construcci\u00f3n subterr\u00e1nea es la respuesta oportuna en todos los niveles de responsabilidad a las circunstancias cambiantes.<span style=\"font-size: 16px; text-align: center;\"> <\/span><\/p>\n<p style=\"text-align: left;\"><span style=\"font-size: 16px;\">Los sitios de obras subterr\u00e1neos protegen el medio ambiente, especialmente si el material de ruptura se somete a un reciclaje significativo como aditivo de hormig\u00f3n o como material a granel para el dise\u00f1o del terreno. Las inevitables intervenciones en las zonas del portal y en los emplazamientos de instalaci\u00f3n deben compensarse con medidas de sustituci\u00f3n ecol\u00f3gica.<\/span><span style=\"font-size: 16px; text-align: center;\"> <\/span><\/p>\n<p>[\/et_pb_blurb][\/et_pb_column][\/et_pb_row][et_pb_row _builder_version=&#8221;3.25&#8243; background_size=&#8221;initial&#8221; background_position=&#8221;top_left&#8221; background_repeat=&#8221;repeat&#8221; module_alignment=&#8221;center&#8221; border_color_all=&#8221;rgba(143,207,242,0.6)&#8221;][et_pb_column type=&#8221;4_4&#8243; _builder_version=&#8221;3.25&#8243; custom_padding=&#8221;|||&#8221; custom_padding__hover=&#8221;|||&#8221;][et_pb_text _builder_version=&#8221;3.27.4&#8243; text_font=&#8221;Saira Semi Condensed||||||||&#8221; text_text_color=&#8221;#ffffff&#8221; text_font_size=&#8221;22px&#8221; background_size=&#8221;initial&#8221; background_position=&#8221;top_left&#8221; background_repeat=&#8221;repeat&#8221; width=&#8221;93%&#8221; module_alignment=&#8221;center&#8221; custom_padding=&#8221;30px|60px|30px|60px|true|true&#8221; border_width_all=&#8221;3px&#8221; border_color_all=&#8221;rgba(143,207,242,0.6)&#8221;]<\/p>\n<p>Con nuestros muchos a\u00f1os de experiencia, an\u00e1lisis de ingenier\u00eda claros y conceptos, estamos encantados de apoyarle en la planificaci\u00f3n de proyectos y la ejecuci\u00f3n de su proyecto para obras subterr\u00e1neas<\/p>\n<p>[\/et_pb_text][\/et_pb_column][\/et_pb_row][et_pb_row _builder_version=&#8221;3.25&#8243; background_size=&#8221;initial&#8221; background_position=&#8221;top_left&#8221; background_repeat=&#8221;repeat&#8221;][et_pb_column type=&#8221;4_4&#8243; _builder_version=&#8221;3.25&#8243; custom_padding=&#8221;|||&#8221; custom_padding__hover=&#8221;|||&#8221;][et_pb_cta button_url=&#8221;https:\/\/www.heinzehrbarpartners.cyon.site\/contacto\/?lang=es&#8221; button_text=&#8221;Esperamos su contacto&#8221; _builder_version=&#8221;4.4.3&#8243; header_font=&#8221;Exo||||||||&#8221; body_font=&#8221;Exo||||||||&#8221; use_background_color=&#8221;off&#8221; background_size=&#8221;initial&#8221; background_position=&#8221;top_left&#8221; background_repeat=&#8221;repeat&#8221; custom_button=&#8221;on&#8221; button_text_color=&#8221;#ffffff&#8221; button_bg_color=&#8221;#598dbd&#8221; button_border_width=&#8221;1px&#8221; button_border_color=&#8221;#ffffff&#8221; button_border_radius=&#8221;0px&#8221; button_font=&#8221;|||on|||||&#8221; button_text_size__hover_enabled=&#8221;off&#8221; button_one_text_size__hover_enabled=&#8221;off&#8221; button_two_text_size__hover_enabled=&#8221;off&#8221; button_text_color__hover_enabled=&#8221;off&#8221; button_one_text_color__hover_enabled=&#8221;off&#8221; button_two_text_color__hover_enabled=&#8221;off&#8221; button_border_width__hover_enabled=&#8221;off&#8221; button_one_border_width__hover_enabled=&#8221;off&#8221; button_two_border_width__hover_enabled=&#8221;off&#8221; button_border_color__hover_enabled=&#8221;off&#8221; button_one_border_color__hover_enabled=&#8221;off&#8221; button_two_border_color__hover_enabled=&#8221;off&#8221; button_border_radius__hover_enabled=&#8221;off&#8221; button_one_border_radius__hover_enabled=&#8221;off&#8221; button_two_border_radius__hover_enabled=&#8221;off&#8221; button_letter_spacing__hover_enabled=&#8221;off&#8221; button_one_letter_spacing__hover_enabled=&#8221;off&#8221; button_two_letter_spacing__hover_enabled=&#8221;off&#8221; button_bg_color__hover_enabled=&#8221;off&#8221; button_one_bg_color__hover_enabled=&#8221;off&#8221; button_two_bg_color__hover_enabled=&#8221;off&#8221;][\/et_pb_cta][\/et_pb_column][\/et_pb_row][\/et_pb_section]<\/p>\n","protected":false},"excerpt":{"rendered":"<p>Las obras subterr\u00e1neas est\u00e1n dise\u00f1adas para un uso sostenible con una larga vida \u00fatil de al menos 80 a 100 a\u00f1os y dan como resultado un alto requisito de inversi\u00f3n. La construcci\u00f3n subterr\u00e1nea es especial en comparaci\u00f3n con otras \u00e1reas de construcci\u00f3n. A diferencia del puente y la construcci\u00f3n en general, las propiedades del material [&hellip;]<\/p>\n","protected":false},"author":2,"featured_media":0,"parent":4558,"menu_order":10,"comment_status":"closed","ping_status":"closed","template":"","meta":{"_et_pb_use_builder":"on","_et_pb_old_content":"","_et_gb_content_width":""},"yoast_head":"<!-- This site is optimized with the Yoast SEO plugin v20.6 - https:\/\/yoast.com\/wordpress\/plugins\/seo\/ -->\n<title>Obras subterr\u00e1neas - HEINZ EHRBAR PARTNERS GmbH<\/title>\n<meta name=\"robots\" content=\"index, follow, max-snippet:-1, max-image-preview:large, max-video-preview:-1\" \/>\n<link rel=\"canonical\" href=\"https:\/\/www.heinzehrbarpartners.com\/es\/actividades\/obras-subterraneas-2\/\" \/>\n<meta property=\"og:locale\" content=\"es_ES\" \/>\n<meta property=\"og:type\" content=\"article\" \/>\n<meta property=\"og:title\" content=\"Obras subterr\u00e1neas - HEINZ EHRBAR PARTNERS GmbH\" \/>\n<meta property=\"og:description\" content=\"Las obras subterr\u00e1neas est\u00e1n dise\u00f1adas para un uso sostenible con una larga vida \u00fatil de al menos 80 a 100 a\u00f1os y dan como resultado un alto requisito de inversi\u00f3n. La construcci\u00f3n subterr\u00e1nea es especial en comparaci\u00f3n con otras \u00e1reas de construcci\u00f3n. A diferencia del puente y la construcci\u00f3n en general, las propiedades del material [&hellip;]\" \/>\n<meta property=\"og:url\" content=\"https:\/\/www.heinzehrbarpartners.com\/es\/actividades\/obras-subterraneas-2\/\" \/>\n<meta property=\"og:site_name\" content=\"HEINZ EHRBAR PARTNERS GmbH\" \/>\n<meta property=\"article:modified_time\" content=\"2020-06-11T23:17:26+00:00\" \/>\n<meta name=\"twitter:card\" content=\"summary_large_image\" \/>\n<meta name=\"twitter:label1\" content=\"Est. reading time\" \/>\n\t<meta name=\"twitter:data1\" content=\"4 minutes\" \/>\n<script type=\"application\/ld+json\" class=\"yoast-schema-graph\">{\"@context\":\"https:\/\/schema.org\",\"@graph\":[{\"@type\":\"WebPage\",\"@id\":\"https:\/\/www.heinzehrbarpartners.com\/es\/actividades\/obras-subterraneas-2\/\",\"url\":\"https:\/\/www.heinzehrbarpartners.com\/es\/actividades\/obras-subterraneas-2\/\",\"name\":\"Obras subterr\u00e1neas - HEINZ EHRBAR PARTNERS GmbH\",\"isPartOf\":{\"@id\":\"https:\/\/www.heinzehrbarpartners.com\/es\/#website\"},\"datePublished\":\"2020-06-08T08:26:20+00:00\",\"dateModified\":\"2020-06-11T23:17:26+00:00\",\"breadcrumb\":{\"@id\":\"https:\/\/www.heinzehrbarpartners.com\/es\/actividades\/obras-subterraneas-2\/#breadcrumb\"},\"inLanguage\":\"es-ES\",\"potentialAction\":[{\"@type\":\"ReadAction\",\"target\":[\"https:\/\/www.heinzehrbarpartners.com\/es\/actividades\/obras-subterraneas-2\/\"]}]},{\"@type\":\"BreadcrumbList\",\"@id\":\"https:\/\/www.heinzehrbarpartners.com\/es\/actividades\/obras-subterraneas-2\/#breadcrumb\",\"itemListElement\":[{\"@type\":\"ListItem\",\"position\":1,\"name\":\"Home\",\"item\":\"https:\/\/www.heinzehrbarpartners.com\/es\/\"},{\"@type\":\"ListItem\",\"position\":2,\"name\":\"Actividades\",\"item\":\"https:\/\/www.heinzehrbarpartners.com\/es\/actividades\/\"},{\"@type\":\"ListItem\",\"position\":3,\"name\":\"Obras subterr\u00e1neas\"}]},{\"@type\":\"WebSite\",\"@id\":\"https:\/\/www.heinzehrbarpartners.com\/es\/#website\",\"url\":\"https:\/\/www.heinzehrbarpartners.com\/es\/\",\"name\":\"HEINZ EHRBAR PARTNERS GmbH\",\"description\":\"Tunnelbau und Wasserkraft\",\"potentialAction\":[{\"@type\":\"SearchAction\",\"target\":{\"@type\":\"EntryPoint\",\"urlTemplate\":\"https:\/\/www.heinzehrbarpartners.com\/es\/?s={search_term_string}\"},\"query-input\":\"required name=search_term_string\"}],\"inLanguage\":\"es-ES\"}]}<\/script>\n<!-- \/ Yoast SEO plugin. -->","yoast_head_json":{"title":"Obras subterr\u00e1neas - HEINZ EHRBAR PARTNERS GmbH","robots":{"index":"index","follow":"follow","max-snippet":"max-snippet:-1","max-image-preview":"max-image-preview:large","max-video-preview":"max-video-preview:-1"},"canonical":"https:\/\/www.heinzehrbarpartners.com\/es\/actividades\/obras-subterraneas-2\/","og_locale":"es_ES","og_type":"article","og_title":"Obras subterr\u00e1neas - HEINZ EHRBAR PARTNERS GmbH","og_description":"Las obras subterr\u00e1neas est\u00e1n dise\u00f1adas para un uso sostenible con una larga vida \u00fatil de al menos 80 a 100 a\u00f1os y dan como resultado un alto requisito de inversi\u00f3n. La construcci\u00f3n subterr\u00e1nea es especial en comparaci\u00f3n con otras \u00e1reas de construcci\u00f3n. A diferencia del puente y la construcci\u00f3n en general, las propiedades del material [&hellip;]","og_url":"https:\/\/www.heinzehrbarpartners.com\/es\/actividades\/obras-subterraneas-2\/","og_site_name":"HEINZ EHRBAR PARTNERS GmbH","article_modified_time":"2020-06-11T23:17:26+00:00","twitter_card":"summary_large_image","twitter_misc":{"Est. reading time":"4 minutes"},"schema":{"@context":"https:\/\/schema.org","@graph":[{"@type":"WebPage","@id":"https:\/\/www.heinzehrbarpartners.com\/es\/actividades\/obras-subterraneas-2\/","url":"https:\/\/www.heinzehrbarpartners.com\/es\/actividades\/obras-subterraneas-2\/","name":"Obras subterr\u00e1neas - HEINZ EHRBAR PARTNERS GmbH","isPartOf":{"@id":"https:\/\/www.heinzehrbarpartners.com\/es\/#website"},"datePublished":"2020-06-08T08:26:20+00:00","dateModified":"2020-06-11T23:17:26+00:00","breadcrumb":{"@id":"https:\/\/www.heinzehrbarpartners.com\/es\/actividades\/obras-subterraneas-2\/#breadcrumb"},"inLanguage":"es-ES","potentialAction":[{"@type":"ReadAction","target":["https:\/\/www.heinzehrbarpartners.com\/es\/actividades\/obras-subterraneas-2\/"]}]},{"@type":"BreadcrumbList","@id":"https:\/\/www.heinzehrbarpartners.com\/es\/actividades\/obras-subterraneas-2\/#breadcrumb","itemListElement":[{"@type":"ListItem","position":1,"name":"Home","item":"https:\/\/www.heinzehrbarpartners.com\/es\/"},{"@type":"ListItem","position":2,"name":"Actividades","item":"https:\/\/www.heinzehrbarpartners.com\/es\/actividades\/"},{"@type":"ListItem","position":3,"name":"Obras subterr\u00e1neas"}]},{"@type":"WebSite","@id":"https:\/\/www.heinzehrbarpartners.com\/es\/#website","url":"https:\/\/www.heinzehrbarpartners.com\/es\/","name":"HEINZ EHRBAR PARTNERS GmbH","description":"Tunnelbau und Wasserkraft","potentialAction":[{"@type":"SearchAction","target":{"@type":"EntryPoint","urlTemplate":"https:\/\/www.heinzehrbarpartners.com\/es\/?s={search_term_string}"},"query-input":"required name=search_term_string"}],"inLanguage":"es-ES"}]}},"_links":{"self":[{"href":"https:\/\/www.heinzehrbarpartners.com\/es\/wp-json\/wp\/v2\/pages\/4621"}],"collection":[{"href":"https:\/\/www.heinzehrbarpartners.com\/es\/wp-json\/wp\/v2\/pages"}],"about":[{"href":"https:\/\/www.heinzehrbarpartners.com\/es\/wp-json\/wp\/v2\/types\/page"}],"author":[{"embeddable":true,"href":"https:\/\/www.heinzehrbarpartners.com\/es\/wp-json\/wp\/v2\/users\/2"}],"replies":[{"embeddable":true,"href":"https:\/\/www.heinzehrbarpartners.com\/es\/wp-json\/wp\/v2\/comments?post=4621"}],"version-history":[{"count":1,"href":"https:\/\/www.heinzehrbarpartners.com\/es\/wp-json\/wp\/v2\/pages\/4621\/revisions"}],"predecessor-version":[{"id":4623,"href":"https:\/\/www.heinzehrbarpartners.com\/es\/wp-json\/wp\/v2\/pages\/4621\/revisions\/4623"}],"up":[{"embeddable":true,"href":"https:\/\/www.heinzehrbarpartners.com\/es\/wp-json\/wp\/v2\/pages\/4558"}],"wp:attachment":[{"href":"https:\/\/www.heinzehrbarpartners.com\/es\/wp-json\/wp\/v2\/media?parent=4621"}],"curies":[{"name":"wp","href":"https:\/\/api.w.org\/{rel}","templated":true}]}}