{"id":4558,"date":"2020-06-07T19:51:03","date_gmt":"2020-06-07T17:51:03","guid":{"rendered":"https:\/\/preview.heinzehrbarpartners.com\/actividades\/"},"modified":"2020-06-12T01:16:50","modified_gmt":"2020-06-11T23:16:50","slug":"actividades","status":"publish","type":"page","link":"https:\/\/www.heinzehrbarpartners.com\/es\/actividades\/","title":{"rendered":"Actividades"},"content":{"rendered":"<p>[et_pb_section fb_built=&#8221;1&#8243; _builder_version=&#8221;3.24&#8243; use_background_color_gradient=&#8221;on&#8221; background_color_gradient_start=&#8221;#022060&#8243; background_color_gradient_end=&#8221;#3e6faa&#8221; background_color_gradient_direction=&#8221;90deg&#8221; custom_css_main_element=&#8221;min-height:81vh;&#8221;][et_pb_row column_structure=&#8221;1_2,1_2&#8243; use_custom_gutter=&#8221;on&#8221; gutter_width=&#8221;2&#8243; make_equal=&#8221;on&#8221; admin_label=&#8221;Servicios&#8221; module_id=&#8221;intro&#8221; _builder_version=&#8221;4.4.3&#8243; border_color_all=&#8221;#8fcff2&#8243;][et_pb_column type=&#8221;1_2&#8243; _builder_version=&#8221;3.25&#8243; custom_padding=&#8221;|||&#8221; custom_padding__hover=&#8221;|||&#8221;][et_pb_blurb title=&#8221;Obras subterr\u00e1neas&#8221; url=&#8221;@ET-DC@eyJkeW5hbWljIjp0cnVlLCJjb250ZW50IjoicG9zdF9saW5rX3VybF9wYWdlIiwic2V0dGluZ3MiOnsicG9zdF9pZCI6IjI4NzkifX0=@&#8221; image=&#8221;https:\/\/www.heinzehrbarpartners.cyon.site\/wp-content\/uploads\/2019\/06\/tunnelbau@2x.png&#8221; image_max_width=&#8221;50%&#8221; admin_label=&#8221;Service&#8221; _builder_version=&#8221;4.4.3&#8243; _dynamic_attributes=&#8221;url,link_option_url&#8221; header_level=&#8221;h1&#8243; header_font=&#8221;Saira Semi Condensed|600||on|||||&#8221; header_text_align=&#8221;center&#8221; header_text_color=&#8221;#ffffff&#8221; header_font_size=&#8221;28px&#8221; header_line_height=&#8221;1.7em&#8221; body_font=&#8221;Open Sans||||||||&#8221; body_text_align=&#8221;center&#8221; body_text_color=&#8221;#ffffff&#8221; body_font_size=&#8221;16px&#8221; body_line_height=&#8221;1.8em&#8221; background_layout=&#8221;dark&#8221; custom_padding=&#8221;60px|30px|60px|40px&#8221; animation_style=&#8221;slide&#8221; animation_direction=&#8221;bottom&#8221; animation_intensity_slide=&#8221;10%&#8221; animation=&#8221;off&#8221; link_option_url=&#8221;@ET-DC@eyJkeW5hbWljIjp0cnVlLCJjb250ZW50IjoicG9zdF9saW5rX3VybF9wYWdlIiwic2V0dGluZ3MiOnsicG9zdF9pZCI6IjI4NzkifX0=@&#8221; custom_css_blurb_title=&#8221;min-height:105px;&#8221; border_width_all=&#8221;3px&#8221; border_color_all=&#8221;rgba(143,207,242,0.6)&#8221;]<\/p>\n<p>Las obras subterr\u00e1neas est\u00e1n construidos en un material de construcci\u00f3n que nunca se conoce completamente a pesar de todos los cuidados debidos. El manejo profesional de lo desconocido es la base para una construcci\u00f3n subterr\u00e1nea exitosa.<\/p>\n<p>[\/et_pb_blurb][\/et_pb_column][et_pb_column type=&#8221;1_2&#8243; _builder_version=&#8221;3.25&#8243; custom_padding=&#8221;|||&#8221; custom_padding__hover=&#8221;|||&#8221;][et_pb_blurb title=&#8221;plantas hidroel\u00e9ctricas&#8221; url=&#8221;@ET-DC@eyJkeW5hbWljIjp0cnVlLCJjb250ZW50IjoicG9zdF9saW5rX3VybF9wYWdlIiwic2V0dGluZ3MiOnsicG9zdF9pZCI6IjI4OTIifX0=@&#8221; image=&#8221;https:\/\/www.heinzehrbarpartners.cyon.site\/wp-content\/uploads\/2019\/06\/wasserkraft@2x.png&#8221; image_max_width=&#8221;50%&#8221; admin_label=&#8221;Service&#8221; _builder_version=&#8221;4.4.3&#8243; _dynamic_attributes=&#8221;url,link_option_url&#8221; header_level=&#8221;h1&#8243; header_font=&#8221;Saira Semi Condensed|600||on|||||&#8221; header_text_align=&#8221;center&#8221; header_text_color=&#8221;#ffffff&#8221; header_font_size=&#8221;28px&#8221; header_line_height=&#8221;1.7em&#8221; body_font=&#8221;Open Sans||||||||&#8221; body_text_align=&#8221;center&#8221; body_text_color=&#8221;#ffffff&#8221; body_font_size=&#8221;16px&#8221; body_line_height=&#8221;1.8em&#8221; background_layout=&#8221;dark&#8221; min_height=&#8221;100%&#8221; custom_padding=&#8221;60px|30px|60px|40px&#8221; animation_style=&#8221;slide&#8221; animation_direction=&#8221;bottom&#8221; animation_intensity_slide=&#8221;10%&#8221; animation=&#8221;off&#8221; link_option_url=&#8221;@ET-DC@eyJkeW5hbWljIjp0cnVlLCJjb250ZW50IjoicG9zdF9saW5rX3VybF9wYWdlIiwic2V0dGluZ3MiOnsicG9zdF9pZCI6IjI4OTIifX0=@&#8221; custom_css_blurb_title=&#8221;min-height:105px;&#8221; border_width_all=&#8221;3px&#8221; border_color_all=&#8221;rgba(143,207,242,0.6)&#8221;]<\/p>\n<p>Las centrales hidroel\u00e9ctricas aportan una contribuci\u00f3n decisiva a la producci\u00f3n y almacenamiento sostenibles de electricidad.<\/p>\n<p>[\/et_pb_blurb][\/et_pb_column][\/et_pb_row][et_pb_row column_structure=&#8221;1_2,1_2&#8243; use_custom_gutter=&#8221;on&#8221; gutter_width=&#8221;2&#8243; make_equal=&#8221;on&#8221; admin_label=&#8221;Servicios&#8221; module_id=&#8221;intro&#8221; _builder_version=&#8221;3.25&#8243; border_color_all=&#8221;#8fcff2&#8243;][et_pb_column type=&#8221;1_2&#8243; _builder_version=&#8221;3.25.1&#8243;][et_pb_blurb title=&#8221;Transporte&#8221; url=&#8221;@ET-DC@eyJkeW5hbWljIjp0cnVlLCJjb250ZW50IjoicG9zdF9saW5rX3VybF9wYWdlIiwic2V0dGluZ3MiOnsicG9zdF9pZCI6IjI4OTgifX0=@&#8221; image=&#8221;https:\/\/www.heinzehrbarpartners.cyon.site\/wp-content\/uploads\/2020\/06\/Verkehrsprojekte@2x.png&#8221; image_max_width=&#8221;50%&#8221; admin_label=&#8221;Service&#8221; _builder_version=&#8221;4.4.6&#8243; _dynamic_attributes=&#8221;url,link_option_url&#8221; header_level=&#8221;h1&#8243; header_font=&#8221;Saira Semi Condensed|600||on|||||&#8221; header_text_align=&#8221;center&#8221; header_text_color=&#8221;#ffffff&#8221; header_font_size=&#8221;28px&#8221; header_line_height=&#8221;1.7em&#8221; body_font=&#8221;Open Sans||||||||&#8221; body_text_align=&#8221;center&#8221; body_text_color=&#8221;#ffffff&#8221; body_font_size=&#8221;16px&#8221; body_line_height=&#8221;1.8em&#8221; background_layout=&#8221;dark&#8221; min_height=&#8221;100%&#8221; custom_padding=&#8221;60px|30px|60px|40px&#8221; animation_style=&#8221;slide&#8221; animation_direction=&#8221;bottom&#8221; animation_intensity_slide=&#8221;10%&#8221; animation=&#8221;off&#8221; link_option_url=&#8221;@ET-DC@eyJkeW5hbWljIjp0cnVlLCJjb250ZW50IjoicG9zdF9saW5rX3VybF9wYWdlIiwic2V0dGluZ3MiOnsicG9zdF9pZCI6IjI4OTgifX0=@&#8221; hover_enabled=&#8221;0&#8243; custom_css_blurb_title=&#8221;min-height:105px;&#8221; border_width_all=&#8221;3px&#8221; border_color_all=&#8221;rgba(143,207,242,0.6)&#8221; title_text=&#8221;Verkehrsprojekte@2x&#8221;]<\/p>\n<p>La infraestructura de transporte de alta calidad es un requisito previo para la estabilidad econ\u00f3mica y la prosperidad<\/p>\n<p>[\/et_pb_blurb][\/et_pb_column][et_pb_column type=&#8221;1_2&#8243; _builder_version=&#8221;3.25&#8243; custom_padding=&#8221;|||&#8221; custom_padding__hover=&#8221;|||&#8221;][et_pb_blurb title=&#8221;Modelos de asociaci\u00f3n y digitalizaci\u00f3n&#8221; url=&#8221;@ET-DC@eyJkeW5hbWljIjp0cnVlLCJjb250ZW50IjoicG9zdF9saW5rX3VybF9wYWdlIiwic2V0dGluZ3MiOnsicG9zdF9pZCI6IjMyMjIifX0=@&#8221; image=&#8221;https:\/\/www.heinzehrbarpartners.cyon.site\/wp-content\/uploads\/2019\/06\/BIM@2x.png&#8221; image_max_width=&#8221;50%&#8221; admin_label=&#8221;Service&#8221; _builder_version=&#8221;4.4.3&#8243; _dynamic_attributes=&#8221;url,link_option_url&#8221; header_level=&#8221;h1&#8243; header_font=&#8221;Saira Semi Condensed|600||on|||||&#8221; header_text_align=&#8221;center&#8221; header_text_color=&#8221;#ffffff&#8221; header_font_size=&#8221;28px&#8221; header_line_height=&#8221;1.7em&#8221; body_font=&#8221;Open Sans||||||||&#8221; body_text_align=&#8221;center&#8221; body_text_color=&#8221;#ffffff&#8221; body_font_size=&#8221;16px&#8221; body_line_height=&#8221;1.8em&#8221; background_layout=&#8221;dark&#8221; min_height=&#8221;100%&#8221; custom_padding=&#8221;60px|30px|60px|40px&#8221; animation_style=&#8221;slide&#8221; animation_direction=&#8221;bottom&#8221; animation_intensity_slide=&#8221;10%&#8221; animation=&#8221;off&#8221; link_option_url=&#8221;@ET-DC@eyJkeW5hbWljIjp0cnVlLCJjb250ZW50IjoicG9zdF9saW5rX3VybF9wYWdlIiwic2V0dGluZ3MiOnsicG9zdF9pZCI6IjMyMjIifX0=@&#8221; custom_css_blurb_title=&#8221;min-height:105px;&#8221; border_width_all=&#8221;3px&#8221; border_color_all=&#8221;rgba(143,207,242,0.6)&#8221;]<\/p>\n<p>Los grandes proyectos de infraestructura s\u00f3lo pueden realizarse con \u00e9xito si todos los socios del proyecto se centran en los objetivos comunes del proyecto, respetan los intereses leg\u00edtimos de cada socio y mantienen una asociaci\u00f3n.<\/p>\n<p>La digitalizaci\u00f3n garantiza la transparencia necesaria.<\/p>\n<p>[\/et_pb_blurb][\/et_pb_column][\/et_pb_row][\/et_pb_section][et_pb_section fb_built=&#8221;1&#8243; _builder_version=&#8221;3.24&#8243; use_background_color_gradient=&#8221;on&#8221; background_color_gradient_start=&#8221;#022060&#8243; background_color_gradient_end=&#8221;#3e6faa&#8221; background_color_gradient_direction=&#8221;90deg&#8221; custom_padding=&#8221;54px|||||&#8221; custom_css_main_element=&#8221;min-height:81vh;&#8221;][et_pb_row _builder_version=&#8221;3.25&#8243; background_size=&#8221;initial&#8221; background_position=&#8221;top_left&#8221; background_repeat=&#8221;repeat&#8221; module_alignment=&#8221;center&#8221; border_color_all=&#8221;rgba(143,207,242,0.6)&#8221;][et_pb_column type=&#8221;4_4&#8243; _builder_version=&#8221;3.25&#8243; custom_padding=&#8221;|||&#8221; custom_padding__hover=&#8221;|||&#8221;][et_pb_text _builder_version=&#8221;3.27.4&#8243; text_font=&#8221;Saira Semi Condensed||||||||&#8221; text_text_color=&#8221;#ffffff&#8221; text_font_size=&#8221;22px&#8221; background_size=&#8221;initial&#8221; background_position=&#8221;top_left&#8221; background_repeat=&#8221;repeat&#8221; width=&#8221;93%&#8221; module_alignment=&#8221;center&#8221; custom_padding=&#8221;30px|60px|30px|60px|true|true&#8221; border_width_all=&#8221;3px&#8221; border_color_all=&#8221;rgba(143,207,242,0.6)&#8221;]<\/p>\n<p style=\"text-align: center;\">Estamos encantados de apoyarle y asesorarle con nuestros muchos a\u00f1os de experiencia en los cuatro campos de actividad.<\/p>\n<p>[\/et_pb_text][\/et_pb_column][\/et_pb_row][et_pb_row _builder_version=&#8221;3.25&#8243; background_size=&#8221;initial&#8221; background_position=&#8221;top_left&#8221; background_repeat=&#8221;repeat&#8221;][et_pb_column type=&#8221;4_4&#8243; _builder_version=&#8221;3.25&#8243; custom_padding=&#8221;|||&#8221; custom_padding__hover=&#8221;|||&#8221;][et_pb_cta button_url=&#8221;https:\/\/www.heinzehrbarpartners.cyon.site\/contacto\/?lang=es&#8221; button_text=&#8221;Esperamos su contacto&#8221; _builder_version=&#8221;3.24&#8243; header_font=&#8221;Exo||||||||&#8221; body_font=&#8221;Exo||||||||&#8221; use_background_color=&#8221;off&#8221; background_size=&#8221;initial&#8221; background_position=&#8221;top_left&#8221; background_repeat=&#8221;repeat&#8221; custom_button=&#8221;on&#8221; button_text_color=&#8221;#ffffff&#8221; button_bg_color=&#8221;#598dbd&#8221; button_border_width=&#8221;1px&#8221; button_border_color=&#8221;#ffffff&#8221; button_border_radius=&#8221;0px&#8221; button_font=&#8221;|||on|||||&#8221; button_text_size__hover_enabled=&#8221;off&#8221; button_one_text_size__hover_enabled=&#8221;off&#8221; button_two_text_size__hover_enabled=&#8221;off&#8221; button_text_color__hover_enabled=&#8221;off&#8221; button_one_text_color__hover_enabled=&#8221;off&#8221; button_two_text_color__hover_enabled=&#8221;off&#8221; button_border_width__hover_enabled=&#8221;off&#8221; button_one_border_width__hover_enabled=&#8221;off&#8221; button_two_border_width__hover_enabled=&#8221;off&#8221; button_border_color__hover_enabled=&#8221;off&#8221; button_one_border_color__hover_enabled=&#8221;off&#8221; button_two_border_color__hover_enabled=&#8221;off&#8221; button_border_radius__hover_enabled=&#8221;off&#8221; button_one_border_radius__hover_enabled=&#8221;off&#8221; button_two_border_radius__hover_enabled=&#8221;off&#8221; button_letter_spacing__hover_enabled=&#8221;off&#8221; button_one_letter_spacing__hover_enabled=&#8221;off&#8221; button_two_letter_spacing__hover_enabled=&#8221;off&#8221; button_bg_color__hover_enabled=&#8221;off&#8221; button_one_bg_color__hover_enabled=&#8221;off&#8221; button_two_bg_color__hover_enabled=&#8221;off&#8221;][\/et_pb_cta][\/et_pb_column][\/et_pb_row][\/et_pb_section]<\/p>\n","protected":false},"excerpt":{"rendered":"<p>Las obras subterr\u00e1neas est\u00e1n construidos en un material de construcci\u00f3n que nunca se conoce completamente a pesar de todos los cuidados debidos. El manejo profesional de lo desconocido es la base para una construcci\u00f3n subterr\u00e1nea exitosa.Las centrales hidroel\u00e9ctricas aportan una contribuci\u00f3n decisiva a la producci\u00f3n y almacenamiento sostenibles de electricidad.La infraestructura de transporte de alta [&hellip;]<\/p>\n","protected":false},"author":2,"featured_media":0,"parent":0,"menu_order":20,"comment_status":"closed","ping_status":"closed","template":"","meta":{"_et_pb_use_builder":"on","_et_pb_old_content":"","_et_gb_content_width":""},"yoast_head":"<!-- This site is optimized with the Yoast SEO plugin v20.6 - https:\/\/yoast.com\/wordpress\/plugins\/seo\/ -->\n<title>Actividades - HEINZ EHRBAR PARTNERS GmbH<\/title>\n<meta name=\"robots\" content=\"index, follow, max-snippet:-1, max-image-preview:large, max-video-preview:-1\" \/>\n<link rel=\"canonical\" href=\"https:\/\/www.heinzehrbarpartners.com\/es\/actividades\/\" \/>\n<meta property=\"og:locale\" content=\"es_ES\" \/>\n<meta property=\"og:type\" content=\"article\" \/>\n<meta property=\"og:title\" content=\"Actividades - HEINZ EHRBAR PARTNERS GmbH\" \/>\n<meta property=\"og:description\" content=\"Las obras subterr\u00e1neas est\u00e1n construidos en un material de construcci\u00f3n que nunca se conoce completamente a pesar de todos los cuidados debidos. El manejo profesional de lo desconocido es la base para una construcci\u00f3n subterr\u00e1nea exitosa.Las centrales hidroel\u00e9ctricas aportan una contribuci\u00f3n decisiva a la producci\u00f3n y almacenamiento sostenibles de electricidad.La infraestructura de transporte de alta [&hellip;]\" \/>\n<meta property=\"og:url\" content=\"https:\/\/www.heinzehrbarpartners.com\/es\/actividades\/\" \/>\n<meta property=\"og:site_name\" content=\"HEINZ EHRBAR PARTNERS GmbH\" \/>\n<meta property=\"article:modified_time\" content=\"2020-06-11T23:16:50+00:00\" \/>\n<meta name=\"twitter:card\" content=\"summary_large_image\" \/>\n<meta name=\"twitter:label1\" content=\"Est. reading time\" \/>\n\t<meta name=\"twitter:data1\" content=\"6 minutes\" \/>\n<script type=\"application\/ld+json\" class=\"yoast-schema-graph\">{\"@context\":\"https:\/\/schema.org\",\"@graph\":[{\"@type\":\"WebPage\",\"@id\":\"https:\/\/www.heinzehrbarpartners.com\/es\/actividades\/\",\"url\":\"https:\/\/www.heinzehrbarpartners.com\/es\/actividades\/\",\"name\":\"Actividades - HEINZ EHRBAR PARTNERS GmbH\",\"isPartOf\":{\"@id\":\"https:\/\/www.heinzehrbarpartners.com\/es\/#website\"},\"datePublished\":\"2020-06-07T17:51:03+00:00\",\"dateModified\":\"2020-06-11T23:16:50+00:00\",\"breadcrumb\":{\"@id\":\"https:\/\/www.heinzehrbarpartners.com\/es\/actividades\/#breadcrumb\"},\"inLanguage\":\"es-ES\",\"potentialAction\":[{\"@type\":\"ReadAction\",\"target\":[\"https:\/\/www.heinzehrbarpartners.com\/es\/actividades\/\"]}]},{\"@type\":\"BreadcrumbList\",\"@id\":\"https:\/\/www.heinzehrbarpartners.com\/es\/actividades\/#breadcrumb\",\"itemListElement\":[{\"@type\":\"ListItem\",\"position\":1,\"name\":\"Home\",\"item\":\"https:\/\/www.heinzehrbarpartners.com\/es\/\"},{\"@type\":\"ListItem\",\"position\":2,\"name\":\"Actividades\"}]},{\"@type\":\"WebSite\",\"@id\":\"https:\/\/www.heinzehrbarpartners.com\/es\/#website\",\"url\":\"https:\/\/www.heinzehrbarpartners.com\/es\/\",\"name\":\"HEINZ EHRBAR PARTNERS GmbH\",\"description\":\"Tunnelbau und Wasserkraft\",\"potentialAction\":[{\"@type\":\"SearchAction\",\"target\":{\"@type\":\"EntryPoint\",\"urlTemplate\":\"https:\/\/www.heinzehrbarpartners.com\/es\/?s={search_term_string}\"},\"query-input\":\"required name=search_term_string\"}],\"inLanguage\":\"es-ES\"}]}<\/script>\n<!-- \/ Yoast SEO plugin. -->","yoast_head_json":{"title":"Actividades - HEINZ EHRBAR PARTNERS GmbH","robots":{"index":"index","follow":"follow","max-snippet":"max-snippet:-1","max-image-preview":"max-image-preview:large","max-video-preview":"max-video-preview:-1"},"canonical":"https:\/\/www.heinzehrbarpartners.com\/es\/actividades\/","og_locale":"es_ES","og_type":"article","og_title":"Actividades - HEINZ EHRBAR PARTNERS GmbH","og_description":"Las obras subterr\u00e1neas est\u00e1n construidos en un material de construcci\u00f3n que nunca se conoce completamente a pesar de todos los cuidados debidos. El manejo profesional de lo desconocido es la base para una construcci\u00f3n subterr\u00e1nea exitosa.Las centrales hidroel\u00e9ctricas aportan una contribuci\u00f3n decisiva a la producci\u00f3n y almacenamiento sostenibles de electricidad.La infraestructura de transporte de alta [&hellip;]","og_url":"https:\/\/www.heinzehrbarpartners.com\/es\/actividades\/","og_site_name":"HEINZ EHRBAR PARTNERS GmbH","article_modified_time":"2020-06-11T23:16:50+00:00","twitter_card":"summary_large_image","twitter_misc":{"Est. reading time":"6 minutes"},"schema":{"@context":"https:\/\/schema.org","@graph":[{"@type":"WebPage","@id":"https:\/\/www.heinzehrbarpartners.com\/es\/actividades\/","url":"https:\/\/www.heinzehrbarpartners.com\/es\/actividades\/","name":"Actividades - HEINZ EHRBAR PARTNERS GmbH","isPartOf":{"@id":"https:\/\/www.heinzehrbarpartners.com\/es\/#website"},"datePublished":"2020-06-07T17:51:03+00:00","dateModified":"2020-06-11T23:16:50+00:00","breadcrumb":{"@id":"https:\/\/www.heinzehrbarpartners.com\/es\/actividades\/#breadcrumb"},"inLanguage":"es-ES","potentialAction":[{"@type":"ReadAction","target":["https:\/\/www.heinzehrbarpartners.com\/es\/actividades\/"]}]},{"@type":"BreadcrumbList","@id":"https:\/\/www.heinzehrbarpartners.com\/es\/actividades\/#breadcrumb","itemListElement":[{"@type":"ListItem","position":1,"name":"Home","item":"https:\/\/www.heinzehrbarpartners.com\/es\/"},{"@type":"ListItem","position":2,"name":"Actividades"}]},{"@type":"WebSite","@id":"https:\/\/www.heinzehrbarpartners.com\/es\/#website","url":"https:\/\/www.heinzehrbarpartners.com\/es\/","name":"HEINZ EHRBAR PARTNERS GmbH","description":"Tunnelbau und Wasserkraft","potentialAction":[{"@type":"SearchAction","target":{"@type":"EntryPoint","urlTemplate":"https:\/\/www.heinzehrbarpartners.com\/es\/?s={search_term_string}"},"query-input":"required name=search_term_string"}],"inLanguage":"es-ES"}]}},"_links":{"self":[{"href":"https:\/\/www.heinzehrbarpartners.com\/es\/wp-json\/wp\/v2\/pages\/4558"}],"collection":[{"href":"https:\/\/www.heinzehrbarpartners.com\/es\/wp-json\/wp\/v2\/pages"}],"about":[{"href":"https:\/\/www.heinzehrbarpartners.com\/es\/wp-json\/wp\/v2\/types\/page"}],"author":[{"embeddable":true,"href":"https:\/\/www.heinzehrbarpartners.com\/es\/wp-json\/wp\/v2\/users\/2"}],"replies":[{"embeddable":true,"href":"https:\/\/www.heinzehrbarpartners.com\/es\/wp-json\/wp\/v2\/comments?post=4558"}],"version-history":[{"count":6,"href":"https:\/\/www.heinzehrbarpartners.com\/es\/wp-json\/wp\/v2\/pages\/4558\/revisions"}],"predecessor-version":[{"id":5128,"href":"https:\/\/www.heinzehrbarpartners.com\/es\/wp-json\/wp\/v2\/pages\/4558\/revisions\/5128"}],"wp:attachment":[{"href":"https:\/\/www.heinzehrbarpartners.com\/es\/wp-json\/wp\/v2\/media?parent=4558"}],"curies":[{"name":"wp","href":"https:\/\/api.w.org\/{rel}","templated":true}]}}