{"id":3336,"date":"2019-07-08T15:50:04","date_gmt":"2019-07-08T13:50:04","guid":{"rendered":"https:\/\/preview.heinzehrbarpartners.com\/home\/"},"modified":"2022-07-15T14:34:52","modified_gmt":"2022-07-15T12:34:52","slug":"pagina-principal","status":"publish","type":"page","link":"https:\/\/www.heinzehrbarpartners.com\/es\/","title":{"rendered":"Home"},"content":{"rendered":"<p>[et_pb_section fb_built=&#8221;1&#8243; fullwidth=&#8221;on&#8221; _builder_version=&#8221;4.16&#8243; global_colors_info=&#8221;{}&#8221;][et_pb_fullwidth_header title=&#8221;Test La experiencia de m\u00e1s de 30 a\u00f1os en diversos proyectos confirman, que el \u00e9xito de los mismos se vislumbra desde sus primeras fases. al contar la gerencia con la adecuada orientaci\u00f3n.&#8221; text_orientation=&#8221;center&#8221; header_fullscreen=&#8221;on&#8221; header_scroll_down=&#8221;on&#8221; scroll_down_icon_color=&#8221;#8fcff2&#8243; button_one_text=&#8221;Leer mas&#8221; button_one_url=&#8221;#intro&#8221; background_overlay_color=&#8221;rgba(12,12,12,0.23)&#8221; admin_label=&#8221;Bild AlpTransit Gotthard AG&#8221; _builder_version=&#8221;4.16&#8243; title_font=&#8221;Saira Semi Condensed|||on|||||&#8221; title_text_color=&#8221;#fff&#8221; title_font_size=&#8221;40px&#8221; content_font=&#8221;Saira Semi Condensed||||||||&#8221; content_font_size=&#8221;22px&#8221; content_letter_spacing=&#8221;0.22px&#8221; content_line_height=&#8221;1.32em&#8221; background_color=&#8221;rgba(126,190,197,0)&#8221; background_image=&#8221;https:\/\/www.heinzehrbarpartners.cyon.site\/wp-content\/uploads\/2020\/04\/Inbetriebsetzung_Nordportal_ICE-S-2_Alptransit-Gotthard_18-11-15.jpeg&#8221; parallax=&#8221;on&#8221; parallax_method=&#8221;on&#8221; custom_button_one=&#8221;on&#8221; button_one_text_color=&#8221;#fff&#8221; button_one_bg_color=&#8221;rgba(89,141,189,0.66)&#8221; button_one_border_width=&#8221;1px&#8221; button_one_border_color=&#8221;#ffffff&#8221; button_one_font=&#8221;|||on|||||&#8221; hover_enabled=&#8221;0&#8243; global_colors_info=&#8221;{}&#8221; sticky_enabled=&#8221;0&#8243;]<\/p>\n<p>El crecimiento demogr\u00e1fico global, la creciente demanda de transportaci\u00f3n eficiente, segura y oportuna requiere una infraestructura para garantizar el oportuno abastecimiento en los centros de trabajo. Independientemente de las dificultades topogr\u00e1ficas espacio limitado en zonas urbanas, que se presenten, nos llevan a proporcionar soluciones de obra subterr\u00e1nea.<\/p>\n<p>[\/et_pb_fullwidth_header][\/et_pb_section][et_pb_section fb_built=&#8221;1&#8243; _builder_version=&#8221;4.17.6&#8243; use_background_color_gradient=&#8221;on&#8221; background_color_gradient_direction=&#8221;90deg&#8221; background_color_gradient_stops=&#8221;#022060 0%|#3e6faa 100%&#8221; background_color_gradient_start=&#8221;#022060&#8243; background_color_gradient_end=&#8221;#3e6faa&#8221; hover_enabled=&#8221;0&#8243; custom_css_main_element=&#8221;min-height:81vh;&#8221; global_colors_info=&#8221;{}&#8221; module_id=&#8221;intro&#8221; sticky_enabled=&#8221;0&#8243;][et_pb_row _builder_version=&#8221;4.16&#8243; global_colors_info=&#8221;{}&#8221;][et_pb_column type=&#8221;4_4&#8243; _builder_version=&#8221;4.16&#8243; custom_padding=&#8221;|||&#8221; global_colors_info=&#8221;{}&#8221; custom_padding__hover=&#8221;|||&#8221;][et_pb_text _builder_version=&#8221;4.16&#8243; text_font=&#8221;Open Sans||||||||&#8221; text_text_color=&#8221;#ffffff&#8221; text_font_size=&#8221;18px&#8221; global_colors_info=&#8221;{}&#8221;]<\/p>\n<p>El espacio limitado en las aglomeraciones, las condiciones topogr\u00e1ficas y los requisitos ambientales a menudo conducen a soluciones con una alta proporci\u00f3n de estructuras subterr\u00e1neas.<\/p>\n<p>Test La experiencia de m\u00e1s de 30 a\u00f1os en diversos proyectos confirman, que el \u00e9xito de los mismos se vislumbra desde sus primeras fases. al contar la gerencia con la adecuada orientaci\u00f3n. Test La experiencia de m\u00e1s de 30 a\u00f1os en diversos proyectos confirman, que el \u00e9xito de los mismos se vislumbra desde sus primeras fases. al contar la gerencia con la adecuada orientaci\u00f3n.<\/p>\n<p>M\u00e1s de 35 a\u00f1os de amplia experiencia en proyectos a gran escala (plantas hidroel\u00e9ctricas y construcci\u00f3n de carreteras) han confirmado varias veces que el curso para el \u00e9xito del proyecto se establece en las primeras fases del proyecto. Test La experiencia de m\u00e1s de 30 a\u00f1os en diversos proyectos confirman, que el \u00e9xito de los mismos se vislumbra desde sus primeras fases. al contar la gerencia con la adecuada orientaci\u00f3n.<\/p>\n<p>[\/et_pb_text][\/et_pb_column][\/et_pb_row][et_pb_row _builder_version=&#8221;4.16&#8243; background_size=&#8221;initial&#8221; background_position=&#8221;top_left&#8221; background_repeat=&#8221;repeat&#8221; module_alignment=&#8221;center&#8221; border_color_all=&#8221;rgba(143,207,242,0.6)&#8221; global_colors_info=&#8221;{}&#8221;][et_pb_column type=&#8221;4_4&#8243; _builder_version=&#8221;4.16&#8243; custom_padding=&#8221;|||&#8221; global_colors_info=&#8221;{}&#8221; custom_padding__hover=&#8221;|||&#8221;][et_pb_text _builder_version=&#8221;4.16&#8243; text_font=&#8221;Saira Semi Condensed||||||||&#8221; text_text_color=&#8221;#ffffff&#8221; text_font_size=&#8221;22px&#8221; background_size=&#8221;initial&#8221; background_position=&#8221;top_left&#8221; background_repeat=&#8221;repeat&#8221; width=&#8221;93%&#8221; module_alignment=&#8221;center&#8221; custom_padding=&#8221;30px|60px|30px|60px|true|true&#8221; border_width_all=&#8221;3px&#8221; border_color_all=&#8221;rgba(143,207,242,0.6)&#8221; global_colors_info=&#8221;{}&#8221;]<\/p>\n<p>Estamos encantados de apoyarle y asesorarle para la identificaci\u00f3n temprana de oportunidades y peligros en sus proyectos para que pueda determinar las medidas adecuadas a tiempo.<\/p>\n<p>[\/et_pb_text][\/et_pb_column][\/et_pb_row][et_pb_row _builder_version=&#8221;4.16&#8243; background_size=&#8221;initial&#8221; background_position=&#8221;top_left&#8221; background_repeat=&#8221;repeat&#8221; global_colors_info=&#8221;{}&#8221;][et_pb_column type=&#8221;4_4&#8243; _builder_version=&#8221;4.16&#8243; custom_padding=&#8221;|||&#8221; global_colors_info=&#8221;{}&#8221; custom_padding__hover=&#8221;|||&#8221;][et_pb_cta button_url=&#8221;@ET-DC@eyJkeW5hbWljIjp0cnVlLCJjb250ZW50IjoicG9zdF9saW5rX3VybF9wYWdlIiwic2V0dGluZ3MiOnsicG9zdF9pZCI6IjMzNDQifX0=@&#8221; button_text=&#8221;conducen a soluciones con una alta proporci\u00f3n de estructuras subterr\u00e1neas.&#8221; _builder_version=&#8221;4.17.6&#8243; header_font=&#8221;Exo||||||||&#8221; body_font=&#8221;Exo||||||||&#8221; use_background_color=&#8221;off&#8221; background_size=&#8221;initial&#8221; background_position=&#8221;top_left&#8221; background_repeat=&#8221;repeat&#8221; custom_button=&#8221;on&#8221; button_text_color=&#8221;#ffffff&#8221; button_bg_color=&#8221;#598dbd&#8221; button_border_width=&#8221;1px&#8221; button_border_color=&#8221;#ffffff&#8221; button_border_radius=&#8221;0px&#8221; button_font=&#8221;|||on|||||&#8221; hover_enabled=&#8221;0&#8243; global_colors_info=&#8221;{}&#8221; button_text_size__hover_enabled=&#8221;off&#8221; button_one_text_size__hover_enabled=&#8221;off&#8221; button_two_text_size__hover_enabled=&#8221;off&#8221; button_text_color__hover_enabled=&#8221;off&#8221; button_one_text_color__hover_enabled=&#8221;off&#8221; button_two_text_color__hover_enabled=&#8221;off&#8221; button_border_width__hover_enabled=&#8221;off&#8221; button_one_border_width__hover_enabled=&#8221;off&#8221; button_two_border_width__hover_enabled=&#8221;off&#8221; button_border_color__hover_enabled=&#8221;off&#8221; button_one_border_color__hover_enabled=&#8221;off&#8221; button_two_border_color__hover_enabled=&#8221;off&#8221; button_border_radius__hover_enabled=&#8221;off&#8221; button_one_border_radius__hover_enabled=&#8221;off&#8221; button_two_border_radius__hover_enabled=&#8221;off&#8221; button_letter_spacing__hover_enabled=&#8221;off&#8221; button_one_letter_spacing__hover_enabled=&#8221;off&#8221; button_two_letter_spacing__hover_enabled=&#8221;off&#8221; button_bg_color__hover_enabled=&#8221;off&#8221; button_one_bg_color__hover_enabled=&#8221;off&#8221; button_two_bg_color__hover_enabled=&#8221;off&#8221; _dynamic_attributes=&#8221;button_url&#8221; sticky_enabled=&#8221;0&#8243;][\/et_pb_cta][\/et_pb_column][\/et_pb_row][\/et_pb_section]<\/p>\n","protected":false},"excerpt":{"rendered":"<p>El crecimiento demogr\u00e1fico global, la creciente demanda de transportaci\u00f3n eficiente, segura y oportuna requiere una infraestructura para garantizar el oportuno abastecimiento en los centros de trabajo. Independientemente de las dificultades topogr\u00e1ficas espacio limitado en zonas urbanas, que se presenten, nos llevan a proporcionar soluciones de obra subterr\u00e1nea.El espacio limitado en las aglomeraciones, las condiciones topogr\u00e1ficas [&hellip;]<\/p>\n","protected":false},"author":2,"featured_media":0,"parent":0,"menu_order":10,"comment_status":"closed","ping_status":"closed","template":"","meta":{"_et_pb_use_builder":"on","_et_pb_old_content":"<p>Esta es una p\u00e1gina de ejemplo. Se diferencia de los mensajes porque siempre permanece en el mismo lugar y aparece (para la mayor\u00eda de los temas) en la navegaci\u00f3n. La mayor\u00eda de las personas comienzan con una impronta, la pol\u00edtica de privacidad o una p\u00e1gina \"Acerca de nosotros\" con una idea para los visitantes potenciales del sitio web. Por ejemplo, podr\u00eda haber:<\/p><blockquote><p>\u00a1Hola! Durante el d\u00eda trabajo como mensajero de bicicletas, por la noche soy un aspirante a actor y este es mi sitio web. Vivo en Z\u00farich, tengo un perro grande llamado Jack, le gusta Pia Coladas, pero menos (sin paraguas) para que me dejen de pie bajo la lluvia.<\/p><\/blockquote><p>... o algo como:<\/p><blockquote><p>Nuestra empresa XYZ fue fundada en 1971 y desde entonces ha producido una gran cantidad de ABC de alta calidad para el p\u00fablico. Con sede en Gotham City, XYZ ahora tiene m\u00e1s de 2,000 empleados y contin\u00faa desarrollando grandes cosas para toda la comunidad de Gotham.<\/p><\/blockquote><p>Como nuevo usuario de WordPress, debe ir al <a href=\"https:\/\/www.heinzehrbarpartners.cyon.site\/wp-admin\/\">panel<\/a> para eliminar esta p\u00e1gina y crear una nueva p\u00e1gina con su propio contenido en su lugar. \u00a1Que te diviertas!<\/p><p> <\/p>","_et_gb_content_width":""},"yoast_head":"<!-- This site is optimized with the Yoast SEO plugin v20.6 - https:\/\/yoast.com\/wordpress\/plugins\/seo\/ -->\n<title>Home - HEINZ EHRBAR PARTNERS GmbH<\/title>\n<meta name=\"robots\" content=\"index, follow, max-snippet:-1, max-image-preview:large, max-video-preview:-1\" \/>\n<link rel=\"canonical\" href=\"https:\/\/www.heinzehrbarpartners.com\/es\/\" \/>\n<meta property=\"og:locale\" content=\"es_ES\" \/>\n<meta property=\"og:type\" content=\"article\" \/>\n<meta property=\"og:title\" content=\"Home - HEINZ EHRBAR PARTNERS GmbH\" \/>\n<meta property=\"og:description\" content=\"El crecimiento demogr\u00e1fico global, la creciente demanda de transportaci\u00f3n eficiente, segura y oportuna requiere una infraestructura para garantizar el oportuno abastecimiento en los centros de trabajo. Independientemente de las dificultades topogr\u00e1ficas espacio limitado en zonas urbanas, que se presenten, nos llevan a proporcionar soluciones de obra subterr\u00e1nea.El espacio limitado en las aglomeraciones, las condiciones topogr\u00e1ficas [&hellip;]\" \/>\n<meta property=\"og:url\" content=\"https:\/\/www.heinzehrbarpartners.com\/es\/\" \/>\n<meta property=\"og:site_name\" content=\"HEINZ EHRBAR PARTNERS GmbH\" \/>\n<meta property=\"article:modified_time\" content=\"2022-07-15T12:34:52+00:00\" \/>\n<meta name=\"twitter:card\" content=\"summary_large_image\" \/>\n<meta name=\"twitter:label1\" content=\"Est. reading time\" \/>\n\t<meta name=\"twitter:data1\" content=\"5 minutes\" \/>\n<script type=\"application\/ld+json\" class=\"yoast-schema-graph\">{\"@context\":\"https:\/\/schema.org\",\"@graph\":[{\"@type\":\"WebPage\",\"@id\":\"https:\/\/www.heinzehrbarpartners.com\/es\/\",\"url\":\"https:\/\/www.heinzehrbarpartners.com\/es\/\",\"name\":\"Home - HEINZ EHRBAR PARTNERS GmbH\",\"isPartOf\":{\"@id\":\"https:\/\/www.heinzehrbarpartners.com\/es\/#website\"},\"datePublished\":\"2019-07-08T13:50:04+00:00\",\"dateModified\":\"2022-07-15T12:34:52+00:00\",\"breadcrumb\":{\"@id\":\"https:\/\/www.heinzehrbarpartners.com\/es\/#breadcrumb\"},\"inLanguage\":\"es-ES\",\"potentialAction\":[{\"@type\":\"ReadAction\",\"target\":[\"https:\/\/www.heinzehrbarpartners.com\/es\/\"]}]},{\"@type\":\"BreadcrumbList\",\"@id\":\"https:\/\/www.heinzehrbarpartners.com\/es\/#breadcrumb\",\"itemListElement\":[{\"@type\":\"ListItem\",\"position\":1,\"name\":\"Home\",\"item\":\"https:\/\/www.heinzehrbarpartners.com\/es\/\"},{\"@type\":\"ListItem\",\"position\":2,\"name\":\"Home\"}]},{\"@type\":\"WebSite\",\"@id\":\"https:\/\/www.heinzehrbarpartners.com\/es\/#website\",\"url\":\"https:\/\/www.heinzehrbarpartners.com\/es\/\",\"name\":\"HEINZ EHRBAR PARTNERS GmbH\",\"description\":\"Tunnelbau und Wasserkraft\",\"potentialAction\":[{\"@type\":\"SearchAction\",\"target\":{\"@type\":\"EntryPoint\",\"urlTemplate\":\"https:\/\/www.heinzehrbarpartners.com\/es\/?s={search_term_string}\"},\"query-input\":\"required name=search_term_string\"}],\"inLanguage\":\"es-ES\"}]}<\/script>\n<!-- \/ Yoast SEO plugin. -->","yoast_head_json":{"title":"Home - HEINZ EHRBAR PARTNERS GmbH","robots":{"index":"index","follow":"follow","max-snippet":"max-snippet:-1","max-image-preview":"max-image-preview:large","max-video-preview":"max-video-preview:-1"},"canonical":"https:\/\/www.heinzehrbarpartners.com\/es\/","og_locale":"es_ES","og_type":"article","og_title":"Home - HEINZ EHRBAR PARTNERS GmbH","og_description":"El crecimiento demogr\u00e1fico global, la creciente demanda de transportaci\u00f3n eficiente, segura y oportuna requiere una infraestructura para garantizar el oportuno abastecimiento en los centros de trabajo. Independientemente de las dificultades topogr\u00e1ficas espacio limitado en zonas urbanas, que se presenten, nos llevan a proporcionar soluciones de obra subterr\u00e1nea.El espacio limitado en las aglomeraciones, las condiciones topogr\u00e1ficas [&hellip;]","og_url":"https:\/\/www.heinzehrbarpartners.com\/es\/","og_site_name":"HEINZ EHRBAR PARTNERS GmbH","article_modified_time":"2022-07-15T12:34:52+00:00","twitter_card":"summary_large_image","twitter_misc":{"Est. reading time":"5 minutes"},"schema":{"@context":"https:\/\/schema.org","@graph":[{"@type":"WebPage","@id":"https:\/\/www.heinzehrbarpartners.com\/es\/","url":"https:\/\/www.heinzehrbarpartners.com\/es\/","name":"Home - HEINZ EHRBAR PARTNERS GmbH","isPartOf":{"@id":"https:\/\/www.heinzehrbarpartners.com\/es\/#website"},"datePublished":"2019-07-08T13:50:04+00:00","dateModified":"2022-07-15T12:34:52+00:00","breadcrumb":{"@id":"https:\/\/www.heinzehrbarpartners.com\/es\/#breadcrumb"},"inLanguage":"es-ES","potentialAction":[{"@type":"ReadAction","target":["https:\/\/www.heinzehrbarpartners.com\/es\/"]}]},{"@type":"BreadcrumbList","@id":"https:\/\/www.heinzehrbarpartners.com\/es\/#breadcrumb","itemListElement":[{"@type":"ListItem","position":1,"name":"Home","item":"https:\/\/www.heinzehrbarpartners.com\/es\/"},{"@type":"ListItem","position":2,"name":"Home"}]},{"@type":"WebSite","@id":"https:\/\/www.heinzehrbarpartners.com\/es\/#website","url":"https:\/\/www.heinzehrbarpartners.com\/es\/","name":"HEINZ EHRBAR PARTNERS GmbH","description":"Tunnelbau und Wasserkraft","potentialAction":[{"@type":"SearchAction","target":{"@type":"EntryPoint","urlTemplate":"https:\/\/www.heinzehrbarpartners.com\/es\/?s={search_term_string}"},"query-input":"required name=search_term_string"}],"inLanguage":"es-ES"}]}},"_links":{"self":[{"href":"https:\/\/www.heinzehrbarpartners.com\/es\/wp-json\/wp\/v2\/pages\/3336"}],"collection":[{"href":"https:\/\/www.heinzehrbarpartners.com\/es\/wp-json\/wp\/v2\/pages"}],"about":[{"href":"https:\/\/www.heinzehrbarpartners.com\/es\/wp-json\/wp\/v2\/types\/page"}],"author":[{"embeddable":true,"href":"https:\/\/www.heinzehrbarpartners.com\/es\/wp-json\/wp\/v2\/users\/2"}],"replies":[{"embeddable":true,"href":"https:\/\/www.heinzehrbarpartners.com\/es\/wp-json\/wp\/v2\/comments?post=3336"}],"version-history":[{"count":12,"href":"https:\/\/www.heinzehrbarpartners.com\/es\/wp-json\/wp\/v2\/pages\/3336\/revisions"}],"predecessor-version":[{"id":5204,"href":"https:\/\/www.heinzehrbarpartners.com\/es\/wp-json\/wp\/v2\/pages\/3336\/revisions\/5204"}],"wp:attachment":[{"href":"https:\/\/www.heinzehrbarpartners.com\/es\/wp-json\/wp\/v2\/media?parent=3336"}],"curies":[{"name":"wp","href":"https:\/\/api.w.org\/{rel}","templated":true}]}}